{"id":17971,"date":"2026-03-11T12:58:05","date_gmt":"2026-03-11T16:58:05","guid":{"rendered":"https:\/\/nichi.ca\/?page_id=17971"},"modified":"2026-04-07T22:35:20","modified_gmt":"2026-04-08T02:35:20","slug":"seance-de-mobilisation-2026-des-membres-de-nichi","status":"publish","type":"page","link":"https:\/\/nichi.ca\/fr\/evenements\/seance-de-mobilisation-2026-des-membres-de-nichi\/","title":{"rendered":"S\u00e9ance de mobilisation\u00a02026 des membres de NICHI"},"content":{"rendered":"\n<h3 class=\"wp-block-heading\"><strong>Le 23&nbsp;avril&nbsp;2026 &#8211; St. John\u2019s, Terre-Neuve-et-Labrador<\/strong><\/h3>\n\n\n\n<figure class=\"wp-block-image size-full\"><img loading=\"lazy\" decoding=\"async\" width=\"737\" height=\"554\" src=\"https:\/\/nichi.ca\/wp-content\/uploads\/2026\/03\/Screenshot-24.png\" alt=\"\" class=\"wp-image-17954\" srcset=\"https:\/\/nichi.ca\/wp-content\/uploads\/2026\/03\/Screenshot-24.png 737w, https:\/\/nichi.ca\/wp-content\/uploads\/2026\/03\/Screenshot-24-300x226.png 300w, https:\/\/nichi.ca\/wp-content\/uploads\/2026\/03\/Screenshot-24-399x300.png 399w\" sizes=\"auto, (max-width: 737px) 100vw, 737px\" \/><\/figure>\n\n\n\n<p>Lieu&nbsp;: First Light&nbsp;Centre for Performance and Creativity, un centre artistique et une entreprise sociale g\u00e9r\u00e9s par le First Light St. John\u2019s Friendship Centre.<\/p>\n\n\n\n<h3 class=\"wp-block-heading\"><strong>R\u00e9servez votre moyen de transport et votre h\u00f4tel!<\/strong><\/h3>\n\n\n\n<p>La s\u00e9ance de mobilisation des membres&nbsp;2026 de Logement Coop\u00e9ratif National Autochtone Inc. (NICHI) se tiendra au First Light&nbsp;Centre for Performance and Creativity, au 42, Bannerman Street, St. John\u2019s, Terre-Neuve-et-Labrador, A1C 3M6, le 23&nbsp;avril&nbsp;2026.<\/p>\n\n\n\n<p>D\u00e9couvrez St. John&rsquo;s et pr\u00e9parez votre voyage\u202f! <a href=\"https:\/\/destinationstjohns.com\/2026-destination-st-johns-guide-map\/ \">https:\/\/destinationstjohns.com\/2026-destination-st-johns-guide-map\/ <\/a><\/p>\n\n\n\n<h3 class=\"wp-block-heading\"><strong>Accessibilit\u00e9 au centre de spectacle et de cr\u00e9ativit\u00e9 First Light<\/strong><\/h3>\n\n\n\n<p>L\u2019entr\u00e9e principale de la salle de spectacle, situ\u00e9e au 81, rue Cochrane, est dot\u00e9e d\u2019une rampe d\u2019acc\u00e8s. Bien que les portes ne soient pas encore munies de boutons d\u2019ouverture automatique, le personnel de First Light est toujours disponible pour vous aider. N\u2019h\u00e9sitez pas \u00e0 frapper \u00e0 la porte \u00e0 votre arriv\u00e9e ou \u00e0 nous contacter \u00e0 l\u2019avance afin d\u2019organiser toute mesure d\u2019aide n\u00e9cessaire pour profiter pleinement de votre visite.&nbsp;\u00c0 l\u2019int\u00e9rieur de la salle, une rang\u00e9e de si\u00e8ges accessibles est r\u00e9serv\u00e9e aux personnes \u00e0 mobilit\u00e9 r\u00e9duite. Notons toutefois que les si\u00e8ges du balcon ne sont accessibles que par l\u2019escalier. Une rampe permet d\u2019acc\u00e9der aux toilettes situ\u00e9es \u00e0 proximit\u00e9 de la salle de spectacle, o\u00f9 toutes les portes sont munies d\u2019un bouton d\u2019ouverture et de verrouillage. Il est possible d\u2019emprunter l\u2019ascenseur qui se trouve dans le hall pour se rendre au deuxi\u00e8me \u00e9tage. Cet \u00e9tage accueille des espaces suppl\u00e9mentaires o\u00f9 se d\u00e9rouleront le d\u00eener et plusieurs s\u00e9ances en petits groupes. Il est construit de plain-pied et comprend des toilettes neutres (non genr\u00e9es)&nbsp;\u00e0 plusieurs cabines et d\u2019autres&nbsp;individuelles. N\u2019h\u00e9sitez pas \u00e0 \u00e9crire \u00e0&nbsp;<a href=\"mailto:lauren@firstlightnl.ca\"><u>lauren@firstlightnl.ca<\/u><\/a>&nbsp;si vous avez des questions ou si vous souhaitez demander des mesures d\u2019adaptation particuli\u00e8res en mati\u00e8re d\u2019accessibilit\u00e9.<\/p>\n\n\n\n<p><strong><strong>Le transport sera assur\u00e9 depuis et vers le lieu de la conf\u00e9rence \u00e0 partir des h\u00f4tels suivants&nbsp;:<\/strong>&nbsp;<\/strong><\/p>\n\n\n\n<p>1. Delta Hotels St. John\u2019s Conference Centre (3&nbsp;autobus)<br>2. Hilton Garden Inn (1&nbsp;autobus)<br>3. H\u00f4tel JAG (1&nbsp;autobus)<\/p>\n\n\n\n<p>Veuillez vous pr\u00e9senter dans le hall de l\u2019h\u00f4tel entre 8&nbsp;h et 8&nbsp;h&nbsp;15. Un membre du personnel de NICHI sera l\u00e0 pour vous guider jusqu\u2019\u00e0 l\u2019autobus. \u00c0 votre arriv\u00e9e au First Light&nbsp;Centre for Performance and Creativity, vous pourrez vous inscrire et profiter du caf\u00e9 et des p\u00e2tisseries du matin. La s\u00e9ance d\u00e9butera \u00e0 9&nbsp;h.<\/p>\n\n\n\n<p>Les autobus reviendront \u00e0 16&nbsp;h et ram\u00e8neront tous les invit\u00e9s aux trois h\u00f4tels mentionn\u00e9s ci-dessus.<\/p>\n\n\n\n<h3 class=\"wp-block-heading\"><strong>Horaire<\/strong><\/h3>\n\n\n\n<figure class=\"wp-block-table\"><table class=\"has-fixed-layout\"><tbody><tr><td><strong><u><strong><strong>Jeudi 23&nbsp;avril<\/strong><\/strong><\/u><\/strong><\/td><td><\/td><\/tr><tr><td>9 h<\/td><td>Arriv\u00e9e\/Petit-d\u00e9jeuner et enregistrement<\/td><\/tr><tr><td><\/td><td>Ouverture<\/td><\/tr><tr><td><\/td><td>Mot de bienvenue et mise \u00e0 jour de NICHI<\/td><\/tr><tr><td><\/td><td>Pause-sant\u00e9<\/td><\/tr><tr><td><\/td><td>Strat\u00e9gie URN<\/td><\/tr><tr><td>12 h <\/td><td>D\u00eener<\/td><\/tr><tr><td><\/td><td>Rapport sur ce que nous avons entendu<\/td><\/tr><tr><td><\/td><td>Priorit\u00e9s \u00e9mergentes<\/td><\/tr><tr><td><\/td><td>Pause-sant\u00e9<\/td><\/tr><tr><td><\/td><td>Prix d\u2019excellence en mati\u00e8re de logement et conseils des A\u00een\u00e9s et des jeunes de NICHI<\/td><\/tr><tr><td><\/td><td>Sondage interactif<\/td><\/tr><tr><td><\/td><td>R\u00e9capitulation<\/td><\/tr><tr><td>16 h <\/td><td>Cl\u00f4ture<\/td><\/tr><\/tbody><\/table><\/figure>\n\n\n\n<p>*Remarque&nbsp;: Toutes les s\u00e9ances et tous les repas se d\u00e9rouleront&nbsp;<\/p>\n\n\n\n<p>Les membres de NICHI qui ont besoin de remboursement des d\u00e9penses pour cet \u00e9v\u00e9nement d\u2019une journ\u00e9e de NICHI sont invit\u00e9s \u00e0 cliquer ici pour acc\u00e9der \u00e0 notre formulaire de remboursement des d\u00e9penses de d\u00e9placement. <a href=\"https:\/\/nichi.ca\/wp-content\/uploads\/member\/NICHI-Members-Travel-Expense-Form_FR-final-2.pdf\">Formulaire de demande de remboursement des frais de d\u00e9placement des membres de NICHI<\/a><\/p>\n\n\n\n<h3 class=\"wp-block-heading\"><strong>Des questions?<\/strong><\/h3>\n\n\n\n<p>Si vous souhaitez devenir membre de NICHI, veuillez <a href=\"https:\/\/nichi.ca\/fr\/adhesion\/\">cliquer&nbsp;ici<\/a> ou envoyer un courriel \u00e0 <a href=\"mailto:info@nichihousing.com\">info@nichihousing.com<\/a> pour obtenir de l\u2019aide.<\/p>\n\n\n\n<p>Entre-temps, n\u2019h\u00e9sitez pas \u00e0 nous \u00e9crire \u00e0 <a href=\"mailto:events@nichihousing.com\">events@nichihousing.com<\/a> pour toute question, observation, pr\u00e9occupation ou suggestion.<\/p>\n\n\n\n<h3 class=\"wp-block-heading\"><strong>Avis de non-responsabilit\u00e9&nbsp;:<\/strong><\/h3>\n\n\n\n<p>Les organisateurs de cette journ\u00e9e se sont engag\u00e9s \u00e0 favoriser un environnement dans lequel chaque personne participante, intervenante, b\u00e9n\u00e9vole ou membre du personnel se sent en s\u00e9curit\u00e9, respect\u00e9e et valoris\u00e9e. Nous pensons que le respect mutuel est fondamental pour un dialogue, une collaboration et un apprentissage productifs. Toutes les personnes participantes ont le droit d\u2019\u00eatre trait\u00e9es avec courtoisie, empathie et consid\u00e9ration, quels que soient leur origine, leur identit\u00e9 ou leur r\u00f4le au sein du congr\u00e8s. Les comportements irrespectueux \u2013 notamment la violence verbale, le harc\u00e8lement, l\u2019intimidation et la discrimination \u2013 ne seront tol\u00e9r\u00e9s en aucune circonstance. Les personnes qui enfreignent ces normes s\u2019exposent \u00e0 une s\u00e9rie de cons\u00e9quences, y compris l\u2019exclusion temporaire ou permanente des activit\u00e9s du congr\u00e8s.<\/p>\n\n\n\n<div class=\"wp-block-buttons is-content-justification-center is-layout-flex wp-container-core-buttons-is-layout-16018d1d wp-block-buttons-is-layout-flex\">\n<div class=\"wp-block-button\"><a class=\"wp-block-button__link wp-element-button\" href=\"https:\/\/site.pheedloop.com\/event\/EVEZGYOEUZMEM\/home\" target=\"_blank\" rel=\"noreferrer noopener\"><u>Inscription \u00e0 l\u2019\u00e9v\u00e9nement<\/u><\/a><\/div>\n<\/div>\n","protected":false},"excerpt":{"rendered":"<p>Le 23&nbsp;avril&nbsp;2026 &#8211; St. John\u2019s, Terre-Neuve-et-Labrador Lieu&nbsp;: First Light&nbsp;Centre for Performance and Creativity, un centre artistique et une entreprise sociale g\u00e9r\u00e9s par le First Light St. John\u2019s Friendship Centre. R\u00e9servez&hellip;<\/p>\n","protected":false},"author":11,"featured_media":0,"parent":13095,"menu_order":0,"comment_status":"closed","ping_status":"closed","template":"","meta":{"_acf_changed":false,"_monsterinsights_skip_tracking":false,"_monsterinsights_sitenote_active":false,"_monsterinsights_sitenote_note":"","_monsterinsights_sitenote_category":0,"footnotes":"","_links_to":"","_links_to_target":""},"class_list":["post-17971","page","type-page","status-publish","hentry"],"acf":[],"yoast_head":"<!-- This site is optimized with the Yoast SEO plugin v27.2 - https:\/\/yoast.com\/product\/yoast-seo-wordpress\/ -->\n<title>S\u00e9ance de mobilisation\u00a02026 des membres de NICHI - NICHI<\/title>\n<meta name=\"description\" content=\"Le 23&nbsp;avril&nbsp;2026 - St. John\u2019s, Terre-Neuve-et-Labrador Lieu&nbsp;: First Light&nbsp;Centre for Performance and Creativity, un centre artistique\" \/>\n<meta name=\"robots\" content=\"index, follow, max-snippet:-1, max-image-preview:large, max-video-preview:-1\" \/>\n<link rel=\"canonical\" href=\"https:\/\/nichi.ca\/fr\/evenements\/seance-de-mobilisation-2026-des-membres-de-nichi\/\" \/>\n<meta property=\"og:locale\" content=\"fr_FR\" \/>\n<meta property=\"og:type\" content=\"article\" \/>\n<meta property=\"og:title\" content=\"S\u00e9ance de mobilisation\u00a02026 des membres de NICHI - NICHI\" \/>\n<meta property=\"og:description\" content=\"Le 23&nbsp;avril&nbsp;2026 - St. John\u2019s, Terre-Neuve-et-Labrador Lieu&nbsp;: First Light&nbsp;Centre for Performance and Creativity, un centre artistique\" \/>\n<meta property=\"og:url\" content=\"https:\/\/nichi.ca\/fr\/evenements\/seance-de-mobilisation-2026-des-membres-de-nichi\/\" \/>\n<meta property=\"og:site_name\" content=\"NICHI\" \/>\n<meta property=\"article:modified_time\" content=\"2026-04-08T02:35:20+00:00\" \/>\n<meta property=\"og:image\" content=\"https:\/\/nichi.ca\/wp-content\/uploads\/2026\/03\/Screenshot-24.png\" \/>\n\t<meta property=\"og:image:width\" content=\"737\" \/>\n\t<meta property=\"og:image:height\" content=\"554\" \/>\n\t<meta property=\"og:image:type\" content=\"image\/png\" \/>\n<meta name=\"twitter:card\" content=\"summary_large_image\" \/>\n<meta name=\"twitter:label1\" content=\"Dur\u00e9e de lecture estim\u00e9e\" \/>\n\t<meta name=\"twitter:data1\" content=\"4 minutes\" \/>\n<script type=\"application\/ld+json\" class=\"yoast-schema-graph\">{\"@context\":\"https:\/\/schema.org\",\"@graph\":[{\"@type\":\"WebPage\",\"@id\":\"https:\/\/nichi.ca\/fr\/evenements\/seance-de-mobilisation-2026-des-membres-de-nichi\/\",\"url\":\"https:\/\/nichi.ca\/fr\/evenements\/seance-de-mobilisation-2026-des-membres-de-nichi\/\",\"name\":\"S\u00e9ance de mobilisation\u00a02026 des membres de NICHI - NICHI\",\"isPartOf\":{\"@id\":\"https:\/\/nichi.ca\/fr\/#website\"},\"primaryImageOfPage\":{\"@id\":\"https:\/\/nichi.ca\/fr\/evenements\/seance-de-mobilisation-2026-des-membres-de-nichi\/#primaryimage\"},\"image\":{\"@id\":\"https:\/\/nichi.ca\/fr\/evenements\/seance-de-mobilisation-2026-des-membres-de-nichi\/#primaryimage\"},\"thumbnailUrl\":\"https:\/\/nichi.ca\/wp-content\/uploads\/2026\/03\/Screenshot-24.png\",\"datePublished\":\"2026-03-11T16:58:05+00:00\",\"dateModified\":\"2026-04-08T02:35:20+00:00\",\"description\":\"Le 23&nbsp;avril&nbsp;2026 - St. John\u2019s, Terre-Neuve-et-Labrador Lieu&nbsp;: First Light&nbsp;Centre for Performance and Creativity, un centre artistique\",\"breadcrumb\":{\"@id\":\"https:\/\/nichi.ca\/fr\/evenements\/seance-de-mobilisation-2026-des-membres-de-nichi\/#breadcrumb\"},\"inLanguage\":\"fr-FR\",\"potentialAction\":[{\"@type\":\"ReadAction\",\"target\":[\"https:\/\/nichi.ca\/fr\/evenements\/seance-de-mobilisation-2026-des-membres-de-nichi\/\"]}]},{\"@type\":\"ImageObject\",\"inLanguage\":\"fr-FR\",\"@id\":\"https:\/\/nichi.ca\/fr\/evenements\/seance-de-mobilisation-2026-des-membres-de-nichi\/#primaryimage\",\"url\":\"https:\/\/nichi.ca\/wp-content\/uploads\/2026\/03\/Screenshot-24.png\",\"contentUrl\":\"https:\/\/nichi.ca\/wp-content\/uploads\/2026\/03\/Screenshot-24.png\"},{\"@type\":\"BreadcrumbList\",\"@id\":\"https:\/\/nichi.ca\/fr\/evenements\/seance-de-mobilisation-2026-des-membres-de-nichi\/#breadcrumb\",\"itemListElement\":[{\"@type\":\"ListItem\",\"position\":1,\"name\":\"Home\",\"item\":\"https:\/\/nichi.ca\/fr\/\"},{\"@type\":\"ListItem\",\"position\":2,\"name\":\"\u00c9v\u00e9nements\",\"item\":\"https:\/\/nichi.ca\/fr\/evenements\/\"},{\"@type\":\"ListItem\",\"position\":3,\"name\":\"S\u00e9ance de mobilisation\u00a02026 des membres de NICHI\"}]},{\"@type\":\"WebSite\",\"@id\":\"https:\/\/nichi.ca\/fr\/#website\",\"url\":\"https:\/\/nichi.ca\/fr\/\",\"name\":\"NICHI\",\"description\":\"National Indigenous Collaborative Housing Incorporated\",\"potentialAction\":[{\"@type\":\"SearchAction\",\"target\":{\"@type\":\"EntryPoint\",\"urlTemplate\":\"https:\/\/nichi.ca\/fr\/?s={search_term_string}\"},\"query-input\":{\"@type\":\"PropertyValueSpecification\",\"valueRequired\":true,\"valueName\":\"search_term_string\"}}],\"inLanguage\":\"fr-FR\"}]}<\/script>\n<!-- \/ Yoast SEO plugin. -->","yoast_head_json":{"title":"S\u00e9ance de mobilisation\u00a02026 des membres de NICHI - NICHI","description":"Le 23&nbsp;avril&nbsp;2026 - St. John\u2019s, Terre-Neuve-et-Labrador Lieu&nbsp;: First Light&nbsp;Centre for Performance and Creativity, un centre artistique","robots":{"index":"index","follow":"follow","max-snippet":"max-snippet:-1","max-image-preview":"max-image-preview:large","max-video-preview":"max-video-preview:-1"},"canonical":"https:\/\/nichi.ca\/fr\/evenements\/seance-de-mobilisation-2026-des-membres-de-nichi\/","og_locale":"fr_FR","og_type":"article","og_title":"S\u00e9ance de mobilisation\u00a02026 des membres de NICHI - NICHI","og_description":"Le 23&nbsp;avril&nbsp;2026 - St. John\u2019s, Terre-Neuve-et-Labrador Lieu&nbsp;: First Light&nbsp;Centre for Performance and Creativity, un centre artistique","og_url":"https:\/\/nichi.ca\/fr\/evenements\/seance-de-mobilisation-2026-des-membres-de-nichi\/","og_site_name":"NICHI","article_modified_time":"2026-04-08T02:35:20+00:00","og_image":[{"width":737,"height":554,"url":"https:\/\/nichi.ca\/wp-content\/uploads\/2026\/03\/Screenshot-24.png","type":"image\/png"}],"twitter_card":"summary_large_image","twitter_misc":{"Dur\u00e9e de lecture estim\u00e9e":"4 minutes"},"schema":{"@context":"https:\/\/schema.org","@graph":[{"@type":"WebPage","@id":"https:\/\/nichi.ca\/fr\/evenements\/seance-de-mobilisation-2026-des-membres-de-nichi\/","url":"https:\/\/nichi.ca\/fr\/evenements\/seance-de-mobilisation-2026-des-membres-de-nichi\/","name":"S\u00e9ance de mobilisation\u00a02026 des membres de NICHI - NICHI","isPartOf":{"@id":"https:\/\/nichi.ca\/fr\/#website"},"primaryImageOfPage":{"@id":"https:\/\/nichi.ca\/fr\/evenements\/seance-de-mobilisation-2026-des-membres-de-nichi\/#primaryimage"},"image":{"@id":"https:\/\/nichi.ca\/fr\/evenements\/seance-de-mobilisation-2026-des-membres-de-nichi\/#primaryimage"},"thumbnailUrl":"https:\/\/nichi.ca\/wp-content\/uploads\/2026\/03\/Screenshot-24.png","datePublished":"2026-03-11T16:58:05+00:00","dateModified":"2026-04-08T02:35:20+00:00","description":"Le 23&nbsp;avril&nbsp;2026 - St. John\u2019s, Terre-Neuve-et-Labrador Lieu&nbsp;: First Light&nbsp;Centre for Performance and Creativity, un centre artistique","breadcrumb":{"@id":"https:\/\/nichi.ca\/fr\/evenements\/seance-de-mobilisation-2026-des-membres-de-nichi\/#breadcrumb"},"inLanguage":"fr-FR","potentialAction":[{"@type":"ReadAction","target":["https:\/\/nichi.ca\/fr\/evenements\/seance-de-mobilisation-2026-des-membres-de-nichi\/"]}]},{"@type":"ImageObject","inLanguage":"fr-FR","@id":"https:\/\/nichi.ca\/fr\/evenements\/seance-de-mobilisation-2026-des-membres-de-nichi\/#primaryimage","url":"https:\/\/nichi.ca\/wp-content\/uploads\/2026\/03\/Screenshot-24.png","contentUrl":"https:\/\/nichi.ca\/wp-content\/uploads\/2026\/03\/Screenshot-24.png"},{"@type":"BreadcrumbList","@id":"https:\/\/nichi.ca\/fr\/evenements\/seance-de-mobilisation-2026-des-membres-de-nichi\/#breadcrumb","itemListElement":[{"@type":"ListItem","position":1,"name":"Home","item":"https:\/\/nichi.ca\/fr\/"},{"@type":"ListItem","position":2,"name":"\u00c9v\u00e9nements","item":"https:\/\/nichi.ca\/fr\/evenements\/"},{"@type":"ListItem","position":3,"name":"S\u00e9ance de mobilisation\u00a02026 des membres de NICHI"}]},{"@type":"WebSite","@id":"https:\/\/nichi.ca\/fr\/#website","url":"https:\/\/nichi.ca\/fr\/","name":"NICHI","description":"National Indigenous Collaborative Housing Incorporated","potentialAction":[{"@type":"SearchAction","target":{"@type":"EntryPoint","urlTemplate":"https:\/\/nichi.ca\/fr\/?s={search_term_string}"},"query-input":{"@type":"PropertyValueSpecification","valueRequired":true,"valueName":"search_term_string"}}],"inLanguage":"fr-FR"}]}},"_links":{"self":[{"href":"https:\/\/nichi.ca\/fr\/wp-json\/wp\/v2\/pages\/17971","targetHints":{"allow":["GET"]}}],"collection":[{"href":"https:\/\/nichi.ca\/fr\/wp-json\/wp\/v2\/pages"}],"about":[{"href":"https:\/\/nichi.ca\/fr\/wp-json\/wp\/v2\/types\/page"}],"author":[{"embeddable":true,"href":"https:\/\/nichi.ca\/fr\/wp-json\/wp\/v2\/users\/11"}],"replies":[{"embeddable":true,"href":"https:\/\/nichi.ca\/fr\/wp-json\/wp\/v2\/comments?post=17971"}],"version-history":[{"count":10,"href":"https:\/\/nichi.ca\/fr\/wp-json\/wp\/v2\/pages\/17971\/revisions"}],"predecessor-version":[{"id":18077,"href":"https:\/\/nichi.ca\/fr\/wp-json\/wp\/v2\/pages\/17971\/revisions\/18077"}],"up":[{"embeddable":true,"href":"https:\/\/nichi.ca\/fr\/wp-json\/wp\/v2\/pages\/13095"}],"wp:attachment":[{"href":"https:\/\/nichi.ca\/fr\/wp-json\/wp\/v2\/media?parent=17971"}],"curies":[{"name":"wp","href":"https:\/\/api.w.org\/{rel}","templated":true}]}}