{"id":16977,"date":"2025-10-09T14:16:45","date_gmt":"2025-10-09T18:16:45","guid":{"rendered":"https:\/\/nichi.ca\/?page_id=16977"},"modified":"2025-10-10T12:16:09","modified_gmt":"2025-10-10T16:16:09","slug":"nichi-connects","status":"publish","type":"page","link":"https:\/\/nichi.ca\/fr\/nichi-connects\/","title":{"rendered":"NICHI Connects"},"content":{"rendered":"\n<h1>\n\t\t\t\t<\/h1>\n\t<h3>NICHI Connects :<\/h3>\n<p>Le 22\u00a0septembre\u00a02025, les membres de NICHI se sont rassembl\u00e9s \u00e0 Ottawa pour leur toute premi\u00e8re journ\u00e9e de plaidoyer sur le logement autochtone. Des membres de tout le pays ont \u00e9t\u00e9 invit\u00e9s et un tr\u00e8s grand nombre d&rsquo;entre eux se sont inscrits pour y participer. Crestview Strategies et le directeur g\u00e9n\u00e9ral ont d&rsquo;abord r\u00e9cit\u00e9 une pri\u00e8re pour les A\u00een\u00e9s, puis des groupes de 2 \u00e0 10\u00a0membres ont eu l&rsquo;occasion de s&rsquo;entretenir avec des parlementaires des partis conservateur, lib\u00e9ral et n\u00e9o-d\u00e9mocrate. De 10\u00a0h \u00e0 18\u00a0h, au cours d&rsquo;une trentaine de rencontres\u00a0de 30 \u00e0 40\u00a0minutes dans les bureaux du Parlement, situ\u00e9s sur la Colline du Parlement, les membres ont pu faire part de leurs pr\u00e9occupations aux repr\u00e9sentants \u00e9lus.<\/p>\n<p>Un aper\u00e7u du rapport a \u00e9t\u00e9 r\u00e9dig\u00e9 et sera distribu\u00e9 aux membres par courriel et publi\u00e9\u00a0sur la section membre du site Web de\u00a0NICHI. Il contient un r\u00e9sum\u00e9 des r\u00e9unions\u00a0et des \u00e9changes, ainsi qu&rsquo;un r\u00e9capitulatif\u00a0des suivis et des engagements pris.<\/p>\n<p>Nous savons que cet \u00e9v\u00e9nement a \u00e9t\u00e9 un franc succ\u00e8s,\u00a0suscitant un v\u00e9ritable engouement pour les\u00a0r\u00e9ussites et les d\u00e9fis\u00a0de la strat\u00e9gie \u00ab\u00a0Pour les Autochtones, par les Autochtones\u00a0\u00bb (PAPA). Il a \u00e9galement permis d&rsquo;ouvrir la voie \u00e0 d&rsquo;autres conversations permettant de trouver des solutions aux graves probl\u00e8mes de logement dans les collectivit\u00e9s urbaines, rurales et nordiques du Canada. Nous attendons le prochain \u00e9v\u00e9nement avec impatience et esp\u00e9rons que davantage de membres y prendront part. Merci de faire conna\u00eetre les\u00a0b\u00e9n\u00e9fices que vous avez tir\u00e9s de votre adh\u00e9sion et des possibilit\u00e9s de r\u00e9seautage\u00a0lors de cet \u00e9v\u00e9nement.\u00a0Nous vous encourageons \u00e0 inviter d&rsquo;autres fournisseurs de logements autochtones \u00e0 rejoindre nos rangs en posant leur candidature pour devenir membres de NICHI.<\/p>\n<p>De nombreuses photos de r\u00e9unions\u00a0ont \u00e9t\u00e9 prises et diffus\u00e9es sur les plateformes de m\u00e9dias sociaux de NICHI, par exemple LinkedIn, Facebook et X.\u00a0De plus,\u00a0des d\u00e9put\u00e9s ont relay\u00e9 ces photos sur leurs propres comptes de r\u00e9seaux sociaux. Le d\u00e9put\u00e9 et ancien chef conservateur Billy Morin, d&rsquo;Edmonton, a \u00e9t\u00e9 l&rsquo;h\u00f4te de r\u00e9unions et est revenu le 23\u00a0septembre pour prononcer un discours lors d&rsquo;un d\u00eener pour tous les membres de NICHI.<\/p>\n\n","protected":false},"excerpt":{"rendered":"<p>NICHI Connects : Le 22\u00a0septembre\u00a02025, les membres de NICHI se sont rassembl\u00e9s \u00e0 Ottawa pour leur toute premi\u00e8re journ\u00e9e de plaidoyer sur le logement autochtone. Des membres de tout le&hellip;<\/p>\n","protected":false},"author":7,"featured_media":0,"parent":0,"menu_order":0,"comment_status":"closed","ping_status":"closed","template":"","meta":{"_acf_changed":false,"_monsterinsights_skip_tracking":false,"_monsterinsights_sitenote_active":false,"_monsterinsights_sitenote_note":"","_monsterinsights_sitenote_category":0,"footnotes":"","_links_to":"","_links_to_target":""},"class_list":["post-16977","page","type-page","status-publish","hentry"],"acf":[],"yoast_head":"<!-- This site is optimized with the Yoast SEO plugin v27.2 - https:\/\/yoast.com\/product\/yoast-seo-wordpress\/ -->\n<title>NICHI Connects - NICHI<\/title>\n<meta name=\"description\" content=\"NICHI Connects : Le 22\u00a0septembre\u00a02025, les membres de NICHI se sont rassembl\u00e9s \u00e0 Ottawa pour leur toute premi\u00e8re journ\u00e9e de plaidoyer sur le logement\" \/>\n<meta name=\"robots\" content=\"index, follow, max-snippet:-1, max-image-preview:large, max-video-preview:-1\" \/>\n<link rel=\"canonical\" href=\"https:\/\/nichi.ca\/fr\/nichi-connects\/\" \/>\n<meta property=\"og:locale\" content=\"fr_FR\" \/>\n<meta property=\"og:type\" content=\"article\" \/>\n<meta property=\"og:title\" content=\"NICHI Connects - NICHI\" \/>\n<meta property=\"og:description\" content=\"NICHI Connects : Le 22\u00a0septembre\u00a02025, les membres de NICHI se sont rassembl\u00e9s \u00e0 Ottawa pour leur toute premi\u00e8re journ\u00e9e de plaidoyer sur le logement\" \/>\n<meta property=\"og:url\" content=\"https:\/\/nichi.ca\/fr\/nichi-connects\/\" \/>\n<meta property=\"og:site_name\" content=\"NICHI\" \/>\n<meta property=\"article:modified_time\" content=\"2025-10-10T16:16:09+00:00\" \/>\n<meta name=\"twitter:card\" content=\"summary_large_image\" \/>\n<meta name=\"twitter:label1\" content=\"Dur\u00e9e de lecture estim\u00e9e\" \/>\n\t<meta name=\"twitter:data1\" content=\"3 minutes\" \/>\n<script type=\"application\/ld+json\" class=\"yoast-schema-graph\">{\"@context\":\"https:\/\/schema.org\",\"@graph\":[{\"@type\":\"WebPage\",\"@id\":\"https:\/\/nichi.ca\/fr\/nichi-connects\/\",\"url\":\"https:\/\/nichi.ca\/fr\/nichi-connects\/\",\"name\":\"NICHI Connects - NICHI\",\"isPartOf\":{\"@id\":\"https:\/\/nichi.ca\/fr\/#website\"},\"datePublished\":\"2025-10-09T18:16:45+00:00\",\"dateModified\":\"2025-10-10T16:16:09+00:00\",\"description\":\"NICHI Connects : Le 22\u00a0septembre\u00a02025, les membres de NICHI se sont rassembl\u00e9s \u00e0 Ottawa pour leur toute premi\u00e8re journ\u00e9e de plaidoyer sur le logement\",\"breadcrumb\":{\"@id\":\"https:\/\/nichi.ca\/fr\/nichi-connects\/#breadcrumb\"},\"inLanguage\":\"fr-FR\",\"potentialAction\":[{\"@type\":\"ReadAction\",\"target\":[\"https:\/\/nichi.ca\/fr\/nichi-connects\/\"]}]},{\"@type\":\"BreadcrumbList\",\"@id\":\"https:\/\/nichi.ca\/fr\/nichi-connects\/#breadcrumb\",\"itemListElement\":[{\"@type\":\"ListItem\",\"position\":1,\"name\":\"Home\",\"item\":\"https:\/\/nichi.ca\/fr\/\"},{\"@type\":\"ListItem\",\"position\":2,\"name\":\"NICHI Connects\"}]},{\"@type\":\"WebSite\",\"@id\":\"https:\/\/nichi.ca\/fr\/#website\",\"url\":\"https:\/\/nichi.ca\/fr\/\",\"name\":\"NICHI\",\"description\":\"National Indigenous Collaborative Housing Incorporated\",\"potentialAction\":[{\"@type\":\"SearchAction\",\"target\":{\"@type\":\"EntryPoint\",\"urlTemplate\":\"https:\/\/nichi.ca\/fr\/?s={search_term_string}\"},\"query-input\":{\"@type\":\"PropertyValueSpecification\",\"valueRequired\":true,\"valueName\":\"search_term_string\"}}],\"inLanguage\":\"fr-FR\"}]}<\/script>\n<!-- \/ Yoast SEO plugin. -->","yoast_head_json":{"title":"NICHI Connects - NICHI","description":"NICHI Connects : Le 22\u00a0septembre\u00a02025, les membres de NICHI se sont rassembl\u00e9s \u00e0 Ottawa pour leur toute premi\u00e8re journ\u00e9e de plaidoyer sur le logement","robots":{"index":"index","follow":"follow","max-snippet":"max-snippet:-1","max-image-preview":"max-image-preview:large","max-video-preview":"max-video-preview:-1"},"canonical":"https:\/\/nichi.ca\/fr\/nichi-connects\/","og_locale":"fr_FR","og_type":"article","og_title":"NICHI Connects - NICHI","og_description":"NICHI Connects : Le 22\u00a0septembre\u00a02025, les membres de NICHI se sont rassembl\u00e9s \u00e0 Ottawa pour leur toute premi\u00e8re journ\u00e9e de plaidoyer sur le logement","og_url":"https:\/\/nichi.ca\/fr\/nichi-connects\/","og_site_name":"NICHI","article_modified_time":"2025-10-10T16:16:09+00:00","twitter_card":"summary_large_image","twitter_misc":{"Dur\u00e9e de lecture estim\u00e9e":"3 minutes"},"schema":{"@context":"https:\/\/schema.org","@graph":[{"@type":"WebPage","@id":"https:\/\/nichi.ca\/fr\/nichi-connects\/","url":"https:\/\/nichi.ca\/fr\/nichi-connects\/","name":"NICHI Connects - NICHI","isPartOf":{"@id":"https:\/\/nichi.ca\/fr\/#website"},"datePublished":"2025-10-09T18:16:45+00:00","dateModified":"2025-10-10T16:16:09+00:00","description":"NICHI Connects : Le 22\u00a0septembre\u00a02025, les membres de NICHI se sont rassembl\u00e9s \u00e0 Ottawa pour leur toute premi\u00e8re journ\u00e9e de plaidoyer sur le logement","breadcrumb":{"@id":"https:\/\/nichi.ca\/fr\/nichi-connects\/#breadcrumb"},"inLanguage":"fr-FR","potentialAction":[{"@type":"ReadAction","target":["https:\/\/nichi.ca\/fr\/nichi-connects\/"]}]},{"@type":"BreadcrumbList","@id":"https:\/\/nichi.ca\/fr\/nichi-connects\/#breadcrumb","itemListElement":[{"@type":"ListItem","position":1,"name":"Home","item":"https:\/\/nichi.ca\/fr\/"},{"@type":"ListItem","position":2,"name":"NICHI Connects"}]},{"@type":"WebSite","@id":"https:\/\/nichi.ca\/fr\/#website","url":"https:\/\/nichi.ca\/fr\/","name":"NICHI","description":"National Indigenous Collaborative Housing Incorporated","potentialAction":[{"@type":"SearchAction","target":{"@type":"EntryPoint","urlTemplate":"https:\/\/nichi.ca\/fr\/?s={search_term_string}"},"query-input":{"@type":"PropertyValueSpecification","valueRequired":true,"valueName":"search_term_string"}}],"inLanguage":"fr-FR"}]}},"_links":{"self":[{"href":"https:\/\/nichi.ca\/fr\/wp-json\/wp\/v2\/pages\/16977","targetHints":{"allow":["GET"]}}],"collection":[{"href":"https:\/\/nichi.ca\/fr\/wp-json\/wp\/v2\/pages"}],"about":[{"href":"https:\/\/nichi.ca\/fr\/wp-json\/wp\/v2\/types\/page"}],"author":[{"embeddable":true,"href":"https:\/\/nichi.ca\/fr\/wp-json\/wp\/v2\/users\/7"}],"replies":[{"embeddable":true,"href":"https:\/\/nichi.ca\/fr\/wp-json\/wp\/v2\/comments?post=16977"}],"version-history":[{"count":0,"href":"https:\/\/nichi.ca\/fr\/wp-json\/wp\/v2\/pages\/16977\/revisions"}],"wp:attachment":[{"href":"https:\/\/nichi.ca\/fr\/wp-json\/wp\/v2\/media?parent=16977"}],"curies":[{"name":"wp","href":"https:\/\/api.w.org\/{rel}","templated":true}]}}