{"id":16976,"date":"2025-10-09T14:06:31","date_gmt":"2025-10-09T18:06:31","guid":{"rendered":"https:\/\/nichi.ca\/agm-2025-gallery\/"},"modified":"2025-10-09T17:17:10","modified_gmt":"2025-10-09T21:17:10","slug":"aga-2025","status":"publish","type":"page","link":"https:\/\/nichi.ca\/fr\/aga-2025\/","title":{"rendered":"AGA 2025"},"content":{"rendered":"\n<h1>\n\t\t\t\t<\/h1>\n\t<h3>AGA 2025\u00a0:<\/h3>\n<p>Le conseil d&rsquo;administration de NICHI a eu le plaisir d&rsquo;organiser une assembl\u00e9e g\u00e9n\u00e9rale annuelle ouverte le 23\u00a0septembre\u00a02025. Le quorum a \u00e9t\u00e9 atteint gr\u00e2ce \u00e0 la participation d&rsquo;un grand nombre de membres. Les discussions ont port\u00e9 sur la r\u00e9vision des statuts, la modification des exigences de quorum pour l&rsquo;avenir, la pr\u00e9sentation d&rsquo;un avis favorable sur les \u00e9tats financiers v\u00e9rifi\u00e9s et la d\u00e9signation du cabinet\u00a0MNP en tant qu&rsquo;auditeur de NICHI pour l&rsquo;exercice\u00a02025-2026. Les administrateurs ayant accept\u00e9 de poursuivre leur mandat pour l&rsquo;ann\u00e9e \u00e0 venir, aucune \u00e9lection n&rsquo;a \u00e9t\u00e9 tenue lors de cette assembl\u00e9e. Les nominations n&rsquo;avaient pas donn\u00e9 lieu \u00e0 de nouvelles nominations pour les \u00e9lections. Par cons\u00e9quent, le processus de recherche de nouveaux membres du conseil d&rsquo;administration\u00a0repr\u00e9sentant des\u00a0organisations membres de NICHI sera rouvert plus tard en 2026. Nous avons h\u00e2te de vous voir \u00e0 l&rsquo;assembl\u00e9e g\u00e9n\u00e9rale annuelle de 2026.\u00a0Si vous souhaitez vous engager, nous vous encourageons \u00e0 soumettre votre candidature.<\/p>\n\n","protected":false},"excerpt":{"rendered":"<p>AGA 2025\u00a0: Le conseil d&rsquo;administration de NICHI a eu le plaisir d&rsquo;organiser une assembl\u00e9e g\u00e9n\u00e9rale annuelle ouverte le 23\u00a0septembre\u00a02025. Le quorum a \u00e9t\u00e9 atteint gr\u00e2ce \u00e0 la participation d&rsquo;un grand&hellip;<\/p>\n","protected":false},"author":7,"featured_media":0,"parent":0,"menu_order":0,"comment_status":"closed","ping_status":"closed","template":"","meta":{"_acf_changed":false,"_monsterinsights_skip_tracking":false,"_monsterinsights_sitenote_active":false,"_monsterinsights_sitenote_note":"","_monsterinsights_sitenote_category":0,"footnotes":"","_links_to":"","_links_to_target":""},"class_list":["post-16976","page","type-page","status-publish","hentry"],"acf":[],"yoast_head":"<!-- This site is optimized with the Yoast SEO plugin v27.2 - https:\/\/yoast.com\/product\/yoast-seo-wordpress\/ -->\n<title>AGA 2025 - NICHI<\/title>\n<meta name=\"description\" content=\"AGA 2025\u00a0: Le conseil d&#039;administration de NICHI a eu le plaisir d&#039;organiser une assembl\u00e9e g\u00e9n\u00e9rale annuelle ouverte le 23\u00a0septembre\u00a02025. Le quorum a \u00e9t\u00e9\" \/>\n<meta name=\"robots\" content=\"index, follow, max-snippet:-1, max-image-preview:large, max-video-preview:-1\" \/>\n<link rel=\"canonical\" href=\"https:\/\/nichi.ca\/fr\/aga-2025\/\" \/>\n<meta property=\"og:locale\" content=\"fr_FR\" \/>\n<meta property=\"og:type\" content=\"article\" \/>\n<meta property=\"og:title\" content=\"AGA 2025 - NICHI\" \/>\n<meta property=\"og:description\" content=\"AGA 2025\u00a0: Le conseil d&#039;administration de NICHI a eu le plaisir d&#039;organiser une assembl\u00e9e g\u00e9n\u00e9rale annuelle ouverte le 23\u00a0septembre\u00a02025. Le quorum a \u00e9t\u00e9\" \/>\n<meta property=\"og:url\" content=\"https:\/\/nichi.ca\/fr\/aga-2025\/\" \/>\n<meta property=\"og:site_name\" content=\"NICHI\" \/>\n<meta property=\"article:modified_time\" content=\"2025-10-09T21:17:10+00:00\" \/>\n<meta name=\"twitter:card\" content=\"summary_large_image\" \/>\n<meta name=\"twitter:label1\" content=\"Dur\u00e9e de lecture estim\u00e9e\" \/>\n\t<meta name=\"twitter:data1\" content=\"3 minutes\" \/>\n<script type=\"application\/ld+json\" class=\"yoast-schema-graph\">{\"@context\":\"https:\/\/schema.org\",\"@graph\":[{\"@type\":\"WebPage\",\"@id\":\"https:\/\/nichi.ca\/fr\/aga-2025\/\",\"url\":\"https:\/\/nichi.ca\/fr\/aga-2025\/\",\"name\":\"AGA 2025 - NICHI\",\"isPartOf\":{\"@id\":\"https:\/\/nichi.ca\/fr\/#website\"},\"datePublished\":\"2025-10-09T18:06:31+00:00\",\"dateModified\":\"2025-10-09T21:17:10+00:00\",\"description\":\"AGA 2025\u00a0: Le conseil d'administration de NICHI a eu le plaisir d'organiser une assembl\u00e9e g\u00e9n\u00e9rale annuelle ouverte le 23\u00a0septembre\u00a02025. Le quorum a \u00e9t\u00e9\",\"breadcrumb\":{\"@id\":\"https:\/\/nichi.ca\/fr\/aga-2025\/#breadcrumb\"},\"inLanguage\":\"fr-FR\",\"potentialAction\":[{\"@type\":\"ReadAction\",\"target\":[\"https:\/\/nichi.ca\/fr\/aga-2025\/\"]}]},{\"@type\":\"BreadcrumbList\",\"@id\":\"https:\/\/nichi.ca\/fr\/aga-2025\/#breadcrumb\",\"itemListElement\":[{\"@type\":\"ListItem\",\"position\":1,\"name\":\"Home\",\"item\":\"https:\/\/nichi.ca\/fr\/\"},{\"@type\":\"ListItem\",\"position\":2,\"name\":\"AGA 2025\"}]},{\"@type\":\"WebSite\",\"@id\":\"https:\/\/nichi.ca\/fr\/#website\",\"url\":\"https:\/\/nichi.ca\/fr\/\",\"name\":\"NICHI\",\"description\":\"National Indigenous Collaborative Housing Incorporated\",\"potentialAction\":[{\"@type\":\"SearchAction\",\"target\":{\"@type\":\"EntryPoint\",\"urlTemplate\":\"https:\/\/nichi.ca\/fr\/?s={search_term_string}\"},\"query-input\":{\"@type\":\"PropertyValueSpecification\",\"valueRequired\":true,\"valueName\":\"search_term_string\"}}],\"inLanguage\":\"fr-FR\"}]}<\/script>\n<!-- \/ Yoast SEO plugin. -->","yoast_head_json":{"title":"AGA 2025 - NICHI","description":"AGA 2025\u00a0: Le conseil d'administration de NICHI a eu le plaisir d'organiser une assembl\u00e9e g\u00e9n\u00e9rale annuelle ouverte le 23\u00a0septembre\u00a02025. Le quorum a \u00e9t\u00e9","robots":{"index":"index","follow":"follow","max-snippet":"max-snippet:-1","max-image-preview":"max-image-preview:large","max-video-preview":"max-video-preview:-1"},"canonical":"https:\/\/nichi.ca\/fr\/aga-2025\/","og_locale":"fr_FR","og_type":"article","og_title":"AGA 2025 - NICHI","og_description":"AGA 2025\u00a0: Le conseil d'administration de NICHI a eu le plaisir d'organiser une assembl\u00e9e g\u00e9n\u00e9rale annuelle ouverte le 23\u00a0septembre\u00a02025. Le quorum a \u00e9t\u00e9","og_url":"https:\/\/nichi.ca\/fr\/aga-2025\/","og_site_name":"NICHI","article_modified_time":"2025-10-09T21:17:10+00:00","twitter_card":"summary_large_image","twitter_misc":{"Dur\u00e9e de lecture estim\u00e9e":"3 minutes"},"schema":{"@context":"https:\/\/schema.org","@graph":[{"@type":"WebPage","@id":"https:\/\/nichi.ca\/fr\/aga-2025\/","url":"https:\/\/nichi.ca\/fr\/aga-2025\/","name":"AGA 2025 - NICHI","isPartOf":{"@id":"https:\/\/nichi.ca\/fr\/#website"},"datePublished":"2025-10-09T18:06:31+00:00","dateModified":"2025-10-09T21:17:10+00:00","description":"AGA 2025\u00a0: Le conseil d'administration de NICHI a eu le plaisir d'organiser une assembl\u00e9e g\u00e9n\u00e9rale annuelle ouverte le 23\u00a0septembre\u00a02025. Le quorum a \u00e9t\u00e9","breadcrumb":{"@id":"https:\/\/nichi.ca\/fr\/aga-2025\/#breadcrumb"},"inLanguage":"fr-FR","potentialAction":[{"@type":"ReadAction","target":["https:\/\/nichi.ca\/fr\/aga-2025\/"]}]},{"@type":"BreadcrumbList","@id":"https:\/\/nichi.ca\/fr\/aga-2025\/#breadcrumb","itemListElement":[{"@type":"ListItem","position":1,"name":"Home","item":"https:\/\/nichi.ca\/fr\/"},{"@type":"ListItem","position":2,"name":"AGA 2025"}]},{"@type":"WebSite","@id":"https:\/\/nichi.ca\/fr\/#website","url":"https:\/\/nichi.ca\/fr\/","name":"NICHI","description":"National Indigenous Collaborative Housing Incorporated","potentialAction":[{"@type":"SearchAction","target":{"@type":"EntryPoint","urlTemplate":"https:\/\/nichi.ca\/fr\/?s={search_term_string}"},"query-input":{"@type":"PropertyValueSpecification","valueRequired":true,"valueName":"search_term_string"}}],"inLanguage":"fr-FR"}]}},"_links":{"self":[{"href":"https:\/\/nichi.ca\/fr\/wp-json\/wp\/v2\/pages\/16976","targetHints":{"allow":["GET"]}}],"collection":[{"href":"https:\/\/nichi.ca\/fr\/wp-json\/wp\/v2\/pages"}],"about":[{"href":"https:\/\/nichi.ca\/fr\/wp-json\/wp\/v2\/types\/page"}],"author":[{"embeddable":true,"href":"https:\/\/nichi.ca\/fr\/wp-json\/wp\/v2\/users\/7"}],"replies":[{"embeddable":true,"href":"https:\/\/nichi.ca\/fr\/wp-json\/wp\/v2\/comments?post=16976"}],"version-history":[{"count":0,"href":"https:\/\/nichi.ca\/fr\/wp-json\/wp\/v2\/pages\/16976\/revisions"}],"wp:attachment":[{"href":"https:\/\/nichi.ca\/fr\/wp-json\/wp\/v2\/media?parent=16976"}],"curies":[{"name":"wp","href":"https:\/\/api.w.org\/{rel}","templated":true}]}}