{"id":13504,"date":"2023-11-15T10:58:35","date_gmt":"2023-11-15T15:58:35","guid":{"rendered":"https:\/\/nichi.ca\/nichi-indigenous-housing-allocation-funding\/"},"modified":"2024-10-17T10:44:53","modified_gmt":"2024-10-17T14:44:53","slug":"allocation-des-fonds-dedies-au-logement-pour-les-autochtones-par-nichi","status":"publish","type":"page","link":"https:\/\/nichi.ca\/fr\/allocation-des-fonds-dedies-au-logement-pour-les-autochtones-par-nichi\/","title":{"rendered":"Allocation des fonds d\u00e9di\u00e9s au logement pour les Autochtones par NICHI"},"content":{"rendered":"\n<h1>\n\t\t\n\t<\/h1>\n\t<p>NICHI offrira des ressources financi\u00e8res pour soutenir les solutions de logement \u00ab\u00a0pour les Autochtones, par les Autochtones\u00a0\u00bb pour les Autochtones qui vivent dans les milieux urbains, ruraux et nordiques.<\/p>\n<p>NICHI consid\u00e8re le logement comme un droit de la personne et s&rsquo;est fix\u00e9 pour objectif de mettre en place une strat\u00e9gie nationale de logement pour les Autochtones vivant en milieux urbains, ruraux et nordiques\u00a0(URN) qui soit non seulement enti\u00e8rement dirig\u00e9e par les Autochtones, mais qui pr\u00e9conise \u00e9galement des logements communautaires holistiques, ax\u00e9s sur les services, qui favorisent l&rsquo;autonomie des communaut\u00e9s autochtones.<\/p>\n<p>Les 281,5\u00a0millions de dollars sont destin\u00e9s \u00e0 r\u00e9pondre au besoin urgent de projets de logements s\u00fbrs, s\u00e9curis\u00e9s et abordables pour les Autochtones en milieux urbains, ruraux et nordiques partout au Canada. Ce processus de demande vise \u00e0 cibler et \u00e0 s\u00e9lectionner des projets qui r\u00e9pondent de mani\u00e8re juste et \u00e9quitable aux besoins urgents et non satisfaits en mati\u00e8re de logement des Autochtones vivant en dehors de leur communaut\u00e9 d&rsquo;origine.<\/p>\n\t\t\t<a href=\"https:\/\/www.youtube.com\/watch?v=-rdS3f7HYnM\" target=\"_blank\" rel=\"noopener\">\n\t\t\t\t\t\t\tVISIONNER le webinaire no1 ici\n\t\t\t\t\t<\/a>\n\t\t\t<a href=\"https:\/\/www.youtube.com\/watch?v=2uL1iRI5Vpo\" target=\"_blank\" rel=\"noopener\">\n\t\t\t\t\t\t\tVISIONNER le webinaire no2 ici\n\t\t\t\t\t<\/a>\n\t<h3><strong>FINANCEMENT<\/strong><\/h3>\n<p>Ce fonds est aliment\u00e9 par deux sources principales de financement.<\/p>\n<ol>\n<li>Capacit\u00e9 et d\u00e9veloppement organisationnel\u00a0: Jusqu&rsquo;\u00e0 un million de dollars pour l&rsquo;\u00e9laboration de projets, l&rsquo;aide sur le terrain, les lacunes op\u00e9rationnelles et d&rsquo;autres besoins en mati\u00e8re de d\u00e9ploiement de projets tels que la modernisation et l&rsquo;am\u00e9lioration n\u00e9cessaires pour assurer la r\u00e9ussite ou la continuit\u00e9 du projet.<\/li>\n<li>D\u00e9veloppement des immobilisations\u00a0: Les besoins de financement de projets d\u00e9passant un million de dollars et allant jusqu&rsquo;\u00e0 dix millions de dollars qui sont n\u00e9cessaires pour combler un financement ou obtenir d&rsquo;autres fonds pour des projets de grande envergure, des r\u00e9novations majeures, des constructions neuves, etc.<\/li>\n<\/ol>\n\t<h3><strong>CRIT\u00c8RES D&rsquo;ADMISSIBILIT\u00c9<\/strong><\/h3>\n<p>Ce fonds est mis \u00e0 la disposition des organisations travaillant dans le secteur du logement communautaire partout au Canada.<\/p>\n<ul>\n<li>Organisations dirig\u00e9es par des Autochtones dans les milieux urbains, ruraux et nordiques du Canada. Les organisations dirig\u00e9es par des Autochtones\u00a0:\n<ul>\n<li>ont un conseil d&rsquo;administration compos\u00e9 de plus de 50\u00a0% d&rsquo;Autochtones et\/ou une direction autochtone;<\/li>\n<li>offrent des services \u00e0 un ou aux trois peuples autochtones de leurs communaut\u00e9s ou de leur r\u00e9gion, c&rsquo;est-\u00e0-dire les Premi\u00e8res Nations, les Inuit et les M\u00e9tis, partout au Canada.<\/li>\n<\/ul>\n<\/li>\n<li>Organisations sans but lucratif<\/li>\n<li>Organisations ayant exprim\u00e9 leur capacit\u00e9 \u00e0 r\u00e9pondre \u00e0 des besoins urgents et non satisfaits<\/li>\n<\/ul>\n<p>Qui offrent au moins l&rsquo;un des \u00e9l\u00e9ments suivants\u00a0:<\/p>\n<ul>\n<li>Services de soutien<\/li>\n<li>Logements de transition\/subventionn\u00e9s<\/li>\n<li>Logements sociaux<\/li>\n<li>Logements abordables<\/li>\n<\/ul>\n\tExpression des besoins<br \/>\nPortail FERM\u00c9\n\t<p><strong>NICHI<\/strong>\u00a0tient \u00e0 remercier le <a href=\"https:\/\/centre.support\/fr\/\" target=\"_blank\" rel=\"noopener\"><strong>Centre de transformation du logement communautaire<\/strong><\/a>\u00a0pour la plateforme de financement. Le Centre se conforme aux dispositions de la\u00a0<a href=\"https:\/\/laws-lois.justice.gc.ca\/scripts\/changelanguage.asp\" target=\"_blank\" rel=\"noopener\"><em>Loi sur la protection des renseignements personnels<\/em><\/a>\u00a0et garantit la protection des renseignements qui lui sont confi\u00e9s.<\/p>\n\t<p><a href=\"https:\/\/nichi.ca\/adhesion\/?lang=fr\">Joignez-vous \u00e0 NICHI et assurez-vous qu&rsquo;une strat\u00e9gie pour les milieux URN apporte des changements v\u00e9ritables.<\/a><\/p>\n\t<p>La politique suivante est notre engagement \u00e0 garantir la confidentialit\u00e9 et l&rsquo;exactitude de vos renseignements personnels.\u00a0<\/p>\n<p><b>Qu&rsquo;est-ce qu&rsquo;un renseignement personnel?<\/b>\u00a0<\/p>\n<p>Toute information, enregistr\u00e9e sous quelque forme que ce soit, concernant une personne identifi\u00e9e ou une personne dont l&rsquo;identit\u00e9 peut \u00eatre d\u00e9duite autrement que par les coordonn\u00e9es professionnelles (par exemple, le nom, le titre, l&rsquo;adresse professionnelle).\u00a0<\/p>\n<p>NICHI peut utiliser des donn\u00e9es agr\u00e9g\u00e9es pendant l&rsquo;analyse du programme, par exemple recueillies par le biais d&rsquo;une enqu\u00eate ou visualis\u00e9es \u00e0 l&rsquo;aide de Google Analytics. Toutefois, ces donn\u00e9es ne permettent pas d&rsquo;identifier un individu et ne sont donc pas consid\u00e9r\u00e9es comme des renseignements personnels.\u00a0<\/p>\n<p><b>Pourquoi NICHI peut-il collecter des renseignements personnels?<\/b>\u00a0<\/p>\n<p>NICHI peut utiliser les renseignements personnels fournis verbalement, par \u00e9crit ou par courrier \u00e9lectronique pour\u202f:\u00a0<\/p>\n<ul>\n<li data-leveltext=\"\uf0b7\" data-font=\"Symbol\" data-listid=\"1\" data-list-defn-props=\"{&quot;335552541&quot;:1,&quot;335559685&quot;:720,&quot;335559991&quot;:360,&quot;469769226&quot;:&quot;Symbol&quot;,&quot;469769242&quot;:[8226],&quot;469777803&quot;:&quot;left&quot;,&quot;469777804&quot;:&quot;\uf0b7&quot;,&quot;469777815&quot;:&quot;multilevel&quot;}\" aria-setsize=\"-1\" data-aria-posinset=\"1\" data-aria-level=\"1\">Fournir des informations et des mises \u00e0 jour pertinentes \u00e0 ceux et celles qui se sont inscrits sur la liste des sympathisants et sympathisantes de NICHI;\u00a0<\/li>\n<\/ul>\n<ul>\n<li data-leveltext=\"\uf0b7\" data-font=\"Symbol\" data-listid=\"1\" data-list-defn-props=\"{&quot;335552541&quot;:1,&quot;335559685&quot;:720,&quot;335559991&quot;:360,&quot;469769226&quot;:&quot;Symbol&quot;,&quot;469769242&quot;:[8226],&quot;469777803&quot;:&quot;left&quot;,&quot;469777804&quot;:&quot;\uf0b7&quot;,&quot;469777815&quot;:&quot;multilevel&quot;}\" aria-setsize=\"-1\" data-aria-posinset=\"2\" data-aria-level=\"1\">R\u00e9pondre aux demandes de renseignements ou aux commentaires;\u00a0<\/li>\n<\/ul>\n<ul>\n<li data-leveltext=\"\uf0b7\" data-font=\"Symbol\" data-listid=\"1\" data-list-defn-props=\"{&quot;335552541&quot;:1,&quot;335559685&quot;:720,&quot;335559991&quot;:360,&quot;469769226&quot;:&quot;Symbol&quot;,&quot;469769242&quot;:[8226],&quot;469777803&quot;:&quot;left&quot;,&quot;469777804&quot;:&quot;\uf0b7&quot;,&quot;469777815&quot;:&quot;multilevel&quot;}\" aria-setsize=\"-1\" data-aria-posinset=\"3\" data-aria-level=\"1\">Effectuer des recherches globales sur les tendances, les questions et les d\u00e9fis, et rendre compte des r\u00e9sultats;\u00a0<\/li>\n<\/ul>\n<ul>\n<li data-leveltext=\"\uf0b7\" data-font=\"Symbol\" data-listid=\"1\" data-list-defn-props=\"{&quot;335552541&quot;:1,&quot;335559685&quot;:720,&quot;335559991&quot;:360,&quot;469769226&quot;:&quot;Symbol&quot;,&quot;469769242&quot;:[8226],&quot;469777803&quot;:&quot;left&quot;,&quot;469777804&quot;:&quot;\uf0b7&quot;,&quot;469777815&quot;:&quot;multilevel&quot;}\" aria-setsize=\"-1\" data-aria-posinset=\"4\" data-aria-level=\"1\">Organiser des conf\u00e9rences, des programmes ou des \u00e9v\u00e9nements li\u00e9s au logement sans but lucratif et au sans-abrisme;\u00a0<\/li>\n<\/ul>\n<ul>\n<li data-leveltext=\"\uf0b7\" data-font=\"Symbol\" data-listid=\"1\" data-list-defn-props=\"{&quot;335552541&quot;:1,&quot;335559685&quot;:720,&quot;335559991&quot;:360,&quot;469769226&quot;:&quot;Symbol&quot;,&quot;469769242&quot;:[8226],&quot;469777803&quot;:&quot;left&quot;,&quot;469777804&quot;:&quot;\uf0b7&quot;,&quot;469777815&quot;:&quot;multilevel&quot;}\" aria-setsize=\"-1\" data-aria-posinset=\"5\" data-aria-level=\"1\">Authentifier les membres de NICHI pour les communications r\u00e9serv\u00e9es aux membres;\u00a0<\/li>\n<\/ul>\n<ul>\n<li data-leveltext=\"\uf0b7\" data-font=\"Symbol\" data-listid=\"1\" data-list-defn-props=\"{&quot;335552541&quot;:1,&quot;335559685&quot;:720,&quot;335559991&quot;:360,&quot;469769226&quot;:&quot;Symbol&quot;,&quot;469769242&quot;:[8226],&quot;469777803&quot;:&quot;left&quot;,&quot;469777804&quot;:&quot;\uf0b7&quot;,&quot;469777815&quot;:&quot;multilevel&quot;}\" aria-setsize=\"-1\" data-aria-posinset=\"6\" data-aria-level=\"1\">R\u00e9pondre aux demandes de renseignements juridiques et r\u00e9glementaires.\u00a0<\/li>\n<\/ul>\n<p><b>Comment NICHI prot\u00e8ge-t-il vos renseignements personnels?<\/b>\u00a0<\/p>\n<p>NICHI ne recueille, n&rsquo;utilise et ne divulgue des renseignements personnels qu&rsquo;\u00e0 des fins directement li\u00e9es \u00e0 l&rsquo;adh\u00e9sion, au bulletin d&rsquo;information et \u00e0 l&rsquo;inscription \u00e0 des programmes de soutien du secteur \u00e9largi.\u00a0<\/p>\n<p>L&rsquo;utilisation des renseignements est limit\u00e9e aux objectifs d\u00e9crits dans la politique et NICHI ne vend pas, ne n\u00e9gocie pas, n&rsquo;\u00e9change pas et ne divulgue pas les renseignements personnels qu&rsquo;il a obtenus.\u00a0<\/p>\n<p>NICHI s&rsquo;efforce de veiller \u00e0 ce que vos renseignements personnels soient aussi exacts, actuels et complets que n\u00e9cessaire aux fins pour lesquelles ces informations sont utilis\u00e9es.\u00a0<\/p>\n<p>NICHI ne conserve vos renseignements personnels qu&rsquo;aussi longtemps qu&rsquo;ils sont n\u00e9cessaires pour les raisons pour lesquels ils ont \u00e9t\u00e9 collect\u00e9s, apr\u00e8s quoi des proc\u00e9dures sont entreprises pour les d\u00e9truire ou les supprimer.\u00a0<\/p>\n<p>NICHI maintient une s\u00e9curit\u00e9 physique, proc\u00e9durale et technique appropri\u00e9e en ce qui concerne le stockage de l&rsquo;information afin de pr\u00e9venir toute perte, tout usage abusif ou tout acc\u00e8s non autoris\u00e9 aux renseignements personnels.\u00a0<\/p>\n<p><b>Consentement<\/b>\u00a0<\/p>\n<p>Aucun renseignement personnel n&rsquo;est collect\u00e9 sans le consentement pr\u00e9alable de la personne concern\u00e9e. En fournissant des renseignements personnels \u00e0 NICHI, vous acceptez et consentez \u00e0 ce que nous puissions recueillir, utiliser et divulguer vos renseignements personnels conform\u00e9ment \u00e0 la pr\u00e9sente politique.\u00a0<\/p>\n<p>Conform\u00e9ment \u00e0 la l\u00e9gislation canadienne antipourriel, entr\u00e9e en vigueur le 1er\u202fjuillet\u202f2014, nous fournirons une option claire pour vous d\u00e9sabonner des messages \u00e9lectroniques commerciaux.\u00a0<\/p>\n<p><b>R\u00e9solution des questions de protection de la vie priv\u00e9e<\/b>\u00a0<\/p>\n<p>Si vous avez des questions sur l&rsquo;acc\u00e8s, la collecte, l&rsquo;utilisation ou la gestion des renseignements personnels, veuillez contacter la personne responsable de la protection de la vie priv\u00e9e chez NICHI en envoyant un courriel \u00e0 l&rsquo;adresse <a href=\"mailto:info@nichihousing.com\">mailto:info@nichihousing.com<\/a>. NICHI examinera toutes les plaintes et, si une plainte est justifi\u00e9e, prendra toutes les mesures raisonnables pour r\u00e9soudre le probl\u00e8me.\u00a0<\/p>\n\n","protected":false},"excerpt":{"rendered":"<p>NICHI offrira des ressources financi\u00e8res pour soutenir les solutions de logement \u00ab\u00a0pour les Autochtones, par les Autochtones\u00a0\u00bb pour les Autochtones qui vivent dans les milieux urbains, ruraux et nordiques. NICHI&hellip;<\/p>\n","protected":false},"author":2,"featured_media":0,"parent":0,"menu_order":0,"comment_status":"closed","ping_status":"closed","template":"","meta":{"_acf_changed":false,"_monsterinsights_skip_tracking":false,"_monsterinsights_sitenote_active":false,"_monsterinsights_sitenote_note":"","_monsterinsights_sitenote_category":0,"footnotes":"","_links_to":"","_links_to_target":""},"class_list":["post-13504","page","type-page","status-publish","hentry"],"acf":[],"yoast_head":"<!-- This site is optimized with the Yoast SEO plugin v27.2 - https:\/\/yoast.com\/product\/yoast-seo-wordpress\/ -->\n<title>Allocation des fonds d\u00e9di\u00e9s au logement pour les Autochtones par NICHI - NICHI<\/title>\n<meta name=\"description\" content=\"NICHI offrira des ressources financi\u00e8res pour soutenir les solutions de logement \u00ab\u00a0pour les Autochtones, par les Autochtones\u00a0\u00bb pour les Autochtones qui\" \/>\n<meta name=\"robots\" content=\"index, follow, max-snippet:-1, max-image-preview:large, max-video-preview:-1\" \/>\n<link rel=\"canonical\" href=\"https:\/\/nichi.ca\/fr\/allocation-des-fonds-dedies-au-logement-pour-les-autochtones-par-nichi\/\" \/>\n<meta property=\"og:locale\" content=\"fr_FR\" \/>\n<meta property=\"og:type\" content=\"article\" \/>\n<meta property=\"og:title\" content=\"Allocation des fonds d\u00e9di\u00e9s au logement pour les Autochtones par NICHI - NICHI\" \/>\n<meta property=\"og:description\" content=\"NICHI offrira des ressources financi\u00e8res pour soutenir les solutions de logement \u00ab\u00a0pour les Autochtones, par les Autochtones\u00a0\u00bb pour les Autochtones qui\" \/>\n<meta property=\"og:url\" content=\"https:\/\/nichi.ca\/fr\/allocation-des-fonds-dedies-au-logement-pour-les-autochtones-par-nichi\/\" \/>\n<meta property=\"og:site_name\" content=\"NICHI\" \/>\n<meta property=\"article:modified_time\" content=\"2024-10-17T14:44:53+00:00\" \/>\n<meta name=\"twitter:card\" content=\"summary_large_image\" \/>\n<meta name=\"twitter:label1\" content=\"Dur\u00e9e de lecture estim\u00e9e\" \/>\n\t<meta name=\"twitter:data1\" content=\"2 minutes\" \/>\n<script type=\"application\/ld+json\" class=\"yoast-schema-graph\">{\"@context\":\"https:\/\/schema.org\",\"@graph\":[{\"@type\":\"WebPage\",\"@id\":\"https:\/\/nichi.ca\/fr\/allocation-des-fonds-dedies-au-logement-pour-les-autochtones-par-nichi\/\",\"url\":\"https:\/\/nichi.ca\/fr\/allocation-des-fonds-dedies-au-logement-pour-les-autochtones-par-nichi\/\",\"name\":\"Allocation des fonds d\u00e9di\u00e9s au logement pour les Autochtones par NICHI - NICHI\",\"isPartOf\":{\"@id\":\"https:\/\/nichi.ca\/fr\/#website\"},\"datePublished\":\"2023-11-15T15:58:35+00:00\",\"dateModified\":\"2024-10-17T14:44:53+00:00\",\"description\":\"NICHI offrira des ressources financi\u00e8res pour soutenir les solutions de logement \u00ab\u00a0pour les Autochtones, par les Autochtones\u00a0\u00bb pour les Autochtones qui\",\"breadcrumb\":{\"@id\":\"https:\/\/nichi.ca\/fr\/allocation-des-fonds-dedies-au-logement-pour-les-autochtones-par-nichi\/#breadcrumb\"},\"inLanguage\":\"fr-FR\",\"potentialAction\":[{\"@type\":\"ReadAction\",\"target\":[\"https:\/\/nichi.ca\/fr\/allocation-des-fonds-dedies-au-logement-pour-les-autochtones-par-nichi\/\"]}]},{\"@type\":\"BreadcrumbList\",\"@id\":\"https:\/\/nichi.ca\/fr\/allocation-des-fonds-dedies-au-logement-pour-les-autochtones-par-nichi\/#breadcrumb\",\"itemListElement\":[{\"@type\":\"ListItem\",\"position\":1,\"name\":\"Home\",\"item\":\"https:\/\/nichi.ca\/fr\/\"},{\"@type\":\"ListItem\",\"position\":2,\"name\":\"Allocation des fonds d\u00e9di\u00e9s au logement pour les Autochtones par NICHI\"}]},{\"@type\":\"WebSite\",\"@id\":\"https:\/\/nichi.ca\/fr\/#website\",\"url\":\"https:\/\/nichi.ca\/fr\/\",\"name\":\"NICHI\",\"description\":\"National Indigenous Collaborative Housing Incorporated\",\"potentialAction\":[{\"@type\":\"SearchAction\",\"target\":{\"@type\":\"EntryPoint\",\"urlTemplate\":\"https:\/\/nichi.ca\/fr\/?s={search_term_string}\"},\"query-input\":{\"@type\":\"PropertyValueSpecification\",\"valueRequired\":true,\"valueName\":\"search_term_string\"}}],\"inLanguage\":\"fr-FR\"}]}<\/script>\n<!-- \/ Yoast SEO plugin. -->","yoast_head_json":{"title":"Allocation des fonds d\u00e9di\u00e9s au logement pour les Autochtones par NICHI - NICHI","description":"NICHI offrira des ressources financi\u00e8res pour soutenir les solutions de logement \u00ab\u00a0pour les Autochtones, par les Autochtones\u00a0\u00bb pour les Autochtones qui","robots":{"index":"index","follow":"follow","max-snippet":"max-snippet:-1","max-image-preview":"max-image-preview:large","max-video-preview":"max-video-preview:-1"},"canonical":"https:\/\/nichi.ca\/fr\/allocation-des-fonds-dedies-au-logement-pour-les-autochtones-par-nichi\/","og_locale":"fr_FR","og_type":"article","og_title":"Allocation des fonds d\u00e9di\u00e9s au logement pour les Autochtones par NICHI - NICHI","og_description":"NICHI offrira des ressources financi\u00e8res pour soutenir les solutions de logement \u00ab\u00a0pour les Autochtones, par les Autochtones\u00a0\u00bb pour les Autochtones qui","og_url":"https:\/\/nichi.ca\/fr\/allocation-des-fonds-dedies-au-logement-pour-les-autochtones-par-nichi\/","og_site_name":"NICHI","article_modified_time":"2024-10-17T14:44:53+00:00","twitter_card":"summary_large_image","twitter_misc":{"Dur\u00e9e de lecture estim\u00e9e":"2 minutes"},"schema":{"@context":"https:\/\/schema.org","@graph":[{"@type":"WebPage","@id":"https:\/\/nichi.ca\/fr\/allocation-des-fonds-dedies-au-logement-pour-les-autochtones-par-nichi\/","url":"https:\/\/nichi.ca\/fr\/allocation-des-fonds-dedies-au-logement-pour-les-autochtones-par-nichi\/","name":"Allocation des fonds d\u00e9di\u00e9s au logement pour les Autochtones par NICHI - NICHI","isPartOf":{"@id":"https:\/\/nichi.ca\/fr\/#website"},"datePublished":"2023-11-15T15:58:35+00:00","dateModified":"2024-10-17T14:44:53+00:00","description":"NICHI offrira des ressources financi\u00e8res pour soutenir les solutions de logement \u00ab\u00a0pour les Autochtones, par les Autochtones\u00a0\u00bb pour les Autochtones qui","breadcrumb":{"@id":"https:\/\/nichi.ca\/fr\/allocation-des-fonds-dedies-au-logement-pour-les-autochtones-par-nichi\/#breadcrumb"},"inLanguage":"fr-FR","potentialAction":[{"@type":"ReadAction","target":["https:\/\/nichi.ca\/fr\/allocation-des-fonds-dedies-au-logement-pour-les-autochtones-par-nichi\/"]}]},{"@type":"BreadcrumbList","@id":"https:\/\/nichi.ca\/fr\/allocation-des-fonds-dedies-au-logement-pour-les-autochtones-par-nichi\/#breadcrumb","itemListElement":[{"@type":"ListItem","position":1,"name":"Home","item":"https:\/\/nichi.ca\/fr\/"},{"@type":"ListItem","position":2,"name":"Allocation des fonds d\u00e9di\u00e9s au logement pour les Autochtones par NICHI"}]},{"@type":"WebSite","@id":"https:\/\/nichi.ca\/fr\/#website","url":"https:\/\/nichi.ca\/fr\/","name":"NICHI","description":"National Indigenous Collaborative Housing Incorporated","potentialAction":[{"@type":"SearchAction","target":{"@type":"EntryPoint","urlTemplate":"https:\/\/nichi.ca\/fr\/?s={search_term_string}"},"query-input":{"@type":"PropertyValueSpecification","valueRequired":true,"valueName":"search_term_string"}}],"inLanguage":"fr-FR"}]}},"_links":{"self":[{"href":"https:\/\/nichi.ca\/fr\/wp-json\/wp\/v2\/pages\/13504","targetHints":{"allow":["GET"]}}],"collection":[{"href":"https:\/\/nichi.ca\/fr\/wp-json\/wp\/v2\/pages"}],"about":[{"href":"https:\/\/nichi.ca\/fr\/wp-json\/wp\/v2\/types\/page"}],"author":[{"embeddable":true,"href":"https:\/\/nichi.ca\/fr\/wp-json\/wp\/v2\/users\/2"}],"replies":[{"embeddable":true,"href":"https:\/\/nichi.ca\/fr\/wp-json\/wp\/v2\/comments?post=13504"}],"version-history":[{"count":0,"href":"https:\/\/nichi.ca\/fr\/wp-json\/wp\/v2\/pages\/13504\/revisions"}],"wp:attachment":[{"href":"https:\/\/nichi.ca\/fr\/wp-json\/wp\/v2\/media?parent=13504"}],"curies":[{"name":"wp","href":"https:\/\/api.w.org\/{rel}","templated":true}]}}