{"id":13257,"date":"2023-10-16T16:55:02","date_gmt":"2023-10-16T20:55:02","guid":{"rendered":"https:\/\/nichi.ca\/financement-de-lallocation\/faqs\/"},"modified":"2023-10-23T12:21:13","modified_gmt":"2023-10-23T16:21:13","slug":"faqs","status":"publish","type":"page","link":"https:\/\/nichi.ca\/fr\/financement-de-lallocation\/faqs\/","title":{"rendered":"FAQs"},"content":{"rendered":"\n<h1>\n\t\t\n\t<\/h1>\n\t<h5>Qu&rsquo;est-ce qui est propos\u00e9 ?<\/h5>\n<p>Le gouvernement du Canada a annonc\u00e9 le 8 juin 2023 qu&rsquo;il fournirait 281,5 millions de dollars pour r\u00e9pondre au besoin critique de projets de logements autochtones s\u00fbrs et abordables en milieu urbain, rural et nordique pour les Autochtones vivant loin de leurs communaut\u00e9s traditionnelles. Reconnaissant la n\u00e9cessit\u00e9 d&rsquo;une action imm\u00e9diate, la National Indigenous Collaborative Housing Incorporated (NICHI) fournira ce financement par le biais d&rsquo;un appel d&rsquo;expression de besoin \u00e0 des projets avec un but non lucratif dirig\u00e9s par des Autochtones qui r\u00e9pondent aux besoins urgents et non satisfaits en mati\u00e8re de logement des peuples autochtones de communaut\u00e9s urbaines, rurales et nordiques. Plus de 87 % des peuples autochtones vivent loin de leurs communaut\u00e9s traditionnelles et la plupart n&rsquo;ont pas acc\u00e8s \u00e0 une aide au logement ad\u00e9quate. Quels que soient leur grosseur et leur emplacement, les fournisseurs de logements autochtones peuvent demander ce financement acc\u00e9l\u00e9r\u00e9 via un simple processus de candidature en ligne.<\/p>\n<p>&nbsp;<\/p>\n<h5>\u00c0 qui s&rsquo;adresse le financement ?<\/h5>\n<p>L&rsquo;allocation donnera la priorit\u00e9 aux projets r\u00e9pondant aux besoins urgents et non satisfaits n\u00e9cessitant une aide financi\u00e8re et r\u00e9pondra \u00e0 une vari\u00e9t\u00e9 de besoins de financement, quel que soit leur emplacement dans le continuum du logement.<\/p>\n<p>&nbsp;<\/p>\n<h5>Quelles sont les \u00e9tapes du processus de candidature ?<\/h5>\n<p>Remplissez le formulaire d&rsquo;expression de besoin en ligne ci-dessous.<\/p>\n<p>&nbsp;<\/p>\n<h5>Quelle documentation est requise pour postuler?<\/h5>\n<p>Le formulaire de demande d&rsquo;expression de besoin en ligne est la seule soumission n\u00e9cessaire, bien qu&rsquo;il vous soit demand\u00e9 d&rsquo;inclure des pi\u00e8ces justificatives telles que : la composition du conseil d&rsquo;administration, les documents de constitution, les donn\u00e9es sur les besoins de votre communaut\u00e9 et d&rsquo;autres \u00e9l\u00e9ments qui seront not\u00e9s sur le formulaire.<\/p>\n<p>&nbsp;<\/p>\n<h5>Quels sont les crit\u00e8res d&rsquo;\u00e9ligibilit\u00e9 ?<\/h5>\n<ul>\n<li>\u00catre une organisation dirig\u00e9e par des Autochtones (nous d\u00e9finissons les organisations dirig\u00e9es par des Autochtones: la composition du conseil d&rsquo;administration est \u00e0 plus de 50 % autochtone, la direction ex\u00e9cutive est autochtone ; et vous \u00eates en place pour servir la population majoritairement autochtone, inuite ou m\u00e9tisse de votre communaut\u00e9.<\/li>\n<li>\u00catre une organisation \u00e0 but non lucratif.<\/li>\n<li>Expliquez comment vous r\u00e9pondez aux besoins urgents et non satisfaits en mati\u00e8re de logement des Autochtones.<\/li>\n<li>Les organisations doivent servir l&rsquo;ensemble ou l&rsquo;un des trois groupes autochtones reconnus par la constitution comme Premi\u00e8re Nation, M\u00e9tis ou Inuit.<\/li>\n<\/ul>\n<p>&nbsp;<\/p>\n<p>De plus, vous devez fournir au moins un des \u00e9l\u00e9ments suivants :<\/p>\n<ol>\n<li>Services de soutien &#8211; c&rsquo;est-\u00e0-dire les suppl\u00e9ments au loyer, le personnel du programme qui fait de la sensibilisation (sant\u00e9 mentale\/d\u00e9pendances, s\u00e9curit\u00e9 alimentaire\/soutien, culturel, devraient \u00e9galement aller directement au d\u00e9veloppement d&rsquo;unit\u00e9s) &#8211; exposition sur le continuum du logement<\/li>\n<li>Logement de transition\/logement avec services de soutien &#8211; c&rsquo;est-\u00e0-dire logement de deuxi\u00e8me \u00e9tape apr\u00e8s les refuges pour victimes de violence domestique, \u00eatre dans le syst\u00e8me judiciaire, vieillir hors de la prise en charge, \u00eatre dans des syst\u00e8mes de gu\u00e9rison, transitions apr\u00e8s avoir quitt\u00e9 la prise en charge avant de redevenir sans abri.<\/li>\n<li>Logements pas sur le marcher &#8211; c&rsquo;est-\u00e0-dire publics, non marchands, suppl\u00e9ments de loyer, pr\u00e9vention des expulsions, subventionn\u00e9s<\/li>\n<li>Logement abordable &#8211; c&rsquo;est-\u00e0-dire loyer adapt\u00e9 au revenu, transition vers un logement stable \u00e0 long terme<\/li>\n<\/ol>\n\n<h5>Quand les fonds seront-ils d\u00e9ploy\u00e9s ?<\/h5>\n<p>Le financement sera d\u00e9ploy\u00e9 rapidement apr\u00e8s l&rsquo;annonce des candidatures retenues, une fois que les accords de financement auront \u00e9t\u00e9 mis en place.<\/p>\n<p>&nbsp;<\/p>\n<h5>Quelles sont les deux tranches de financement ?<\/h5>\n<ul>\n<li>Capacit\u00e9 et d\u00e9veloppement organisationnel : jusqu&rsquo;\u00e0 1 million de dollars destin\u00e9s au d\u00e9veloppement de projets, \u00e0 l&rsquo;assistance sur le terrain, aux d\u00e9ficits op\u00e9rationnels et \u00e0 d&rsquo;autres exigences de d\u00e9veloppement de projets telles que la modernisation et l&rsquo;am\u00e9lioration n\u00e9cessaires pour assurer le succ\u00e8s\/la continuit\u00e9 du projet.<\/li>\n<li>D\u00e9veloppement des immobilisations : les besoins de financement de projets d\u00e9passant 1 million de dollars jusqu&rsquo;\u00e0 10 millions de dollars doivent mobiliser des fonds suppl\u00e9mentaires pour des projets \u00e0 grande \u00e9chelle, des r\u00e9novations majeures, de nouvelles constructions, etc.<\/li>\n<\/ul>\n<p>&nbsp;<\/p>\n<h5>Sur quelle p\u00e9riode le financement doit-il \u00eatre utilis\u00e9 ?<\/h5>\n<p>Le financement allou\u00e9 \u00e0 cette initiative devrait \u00eatre enti\u00e8rement d\u00e9pens\u00e9 par les projets approuv\u00e9s avant le 31 mars 2024.<\/p>\n<p>&nbsp;<\/p>\n<h5>Comment le financement est-il hi\u00e9rarchis\u00e9 et d\u00e9ploy\u00e9 \u00e0 travers le pays\u00a0?<\/h5>\n<p>1. Appel ouvert \u00e0 expression de besoin le 24 novembre 2023<\/p>\n<p>2. Toutes les candidatures doivent \u00eatre re\u00e7ues avant le 12 janvier 2024.<\/p>\n<p>3. Le Conseil consultatif examinera chaque soumission et recommandera un financement pour des projets en fonction de la disponibilit\u00e9 du financement, d&rsquo;une r\u00e9partition juste et \u00e9quitable \u00e0 travers le pays et de projets qui ciblent des besoins urgents et non satisfaits.<\/p>\n<p>4. NICHI informera toutes les organisations si elles sont financ\u00e9es ou non d&rsquo;ici fin janvier 2024.<\/p>\n<p>&nbsp;<\/p>\n<h5>NICHI fait-il partie du gouvernement du Canada?<\/h5>\n<p>Non. NICHI est une organisation Pour les Autochtones et par les Autochtones qui s&rsquo;engage \u00e0 r\u00e9pondre au besoin de logements s\u00fbrs, appropri\u00e9s et abordables pour les personnes urbaines, rurales et du Nord vivant loin de leurs communaut\u00e9s d&rsquo;origine ou de leurs territoires traditionnels. L&rsquo;acc\u00e8s \u00e0 un logement s\u00fbr et abordable est essentiel pour am\u00e9liorer les r\u00e9sultats sanitaires et sociaux et pour assurer un avenir meilleur aux communaut\u00e9s et aux enfants autochtones. Cette initiative de financement fait partie de l&rsquo;engagement du gouvernement du Canada \u00e0 s&rsquo;attaquer aux d\u00e9terminants sociaux de la sant\u00e9 et \u00e0 faire progresser l&rsquo;autod\u00e9termination, conform\u00e9ment aux articles 21 et 23 de la D\u00e9claration des Nations Unies sur les droits des peuples autochtones. Le d\u00e9ploiement de fonds par l&rsquo;interm\u00e9diaire du NICHI fait partie de l&rsquo;engagement du gouvernement du Canada \u00e0 avancer sur la voie de la r\u00e9conciliation.<\/p>\n<p>&nbsp;<\/p>\n<h5>Qui se cache derri\u00e8re NICHI ?<\/h5>\n<p>NICHI est une organisation \u00e0 but non lucratif constitu\u00e9e en soci\u00e9t\u00e9, cr\u00e9\u00e9e gr\u00e2ce aux efforts collaboratifs d&rsquo;un certain nombre d&rsquo;organismes de logement autochtones et d&rsquo;experts de partout au Canada. L&rsquo;objectif du NICHI est de garantir que le financement gouvernemental atteint ceux qui en ont le plus besoin, quelle que soit leur grosseur ou leur port\u00e9e, de mani\u00e8re rapide, objective et avec la sagesse et la sensibilit\u00e9 culturelle autochtones.<\/p>\n<p>&nbsp;<\/p>\n<h5>\u00c0 qui sert-il ?<\/h5>\n<p>NICHI soutient les fournisseurs de logements et les organisations autochtones ayant un mandat fort de servir les peuples autochtones. Ces organisations servent les 87 % d&rsquo;Autochtones qui vivent loin de leurs communaut\u00e9s traditionnelles et n&rsquo;ont pas acc\u00e8s \u00e0 du soutien.<\/p>\n<p>&nbsp;<\/p>\n<h5>Qui \u00e9value les candidatures, comment sont-elles s\u00e9lectionn\u00e9es ?<\/h5>\n<p>Le Conseil consultatif de s\u00e9lection des projets est compos\u00e9 de dirigeants autochtones impartiaux de partout au Canada. Ils comprennent les besoins des communaut\u00e9s urbaines, rurales et nordiques. Ils examineront et \u00e9valueront les candidatures.<\/p>\n<p>&nbsp;<\/p>\n<h5>Nous sommes une petite organisation, quelles chances avons-nous d&rsquo;obtenir un financement ?<\/h5>\n<p>L&rsquo;\u00e9valuation est bas\u00e9e sur les besoins, dites-nous ce qui va changer avec le financement. La grosseur des organisations n&rsquo;a pas d&rsquo;importance. Dites-nous qui vous servez et quels sont leurs besoins non satisfaits.<\/p>\n<p>&nbsp;<\/p>\n<h5>Que se passe-t-il si ma demande d&rsquo;expression de besoin \u00e9choue ?<\/h5>\n<p>Les 281,5 millions de dollars allou\u00e9s \u00e0 cette initiative sont loin d&rsquo;\u00eatre suffisants pour r\u00e9pondre aux besoins les plus urgents et non satisfaits. Un financement \u00e0 plus long terme est recherch\u00e9 afin de r\u00e9pondre aux besoins importants qui existent et ne peuvent pas \u00eatre satisfaits dans le cadre de cet appel. Vous pourrez pr\u00e9senter une nouvelle demande pour tout financement suppl\u00e9mentaire du programme qui pourrait devenir disponible.<\/p>\n<p>&nbsp;<\/p>\n<h5>Pourquoi NICHI a-t-il \u00e9t\u00e9 cr\u00e9\u00e9 ?<\/h5>\n<p>Fournir une approche Pour les Autochtones, par les Autochtones en mati\u00e8re d&rsquo;allocation de financement et, ce faisant, r\u00e9pondre aux besoins urgents et non satisfaits dans une optique culturellement appropri\u00e9e.<\/p>\n<p>&nbsp;<\/p>\n<p>Jusqu&rsquo;\u00e0 pr\u00e9sent, les besoins en logement des peuples autochtones ont \u00e9t\u00e9 satisfaits avec une approche qui leur est propre &#8211; par le gouvernement. Au mieux, cela a \u00e9t\u00e9 insensible \u00e0 la culture ; et au pire, cela a perp\u00e9tu\u00e9 une marginalisation syst\u00e9mique, conduisant souvent \u00e0 de mauvais r\u00e9sultats en mati\u00e8re d&rsquo;\u00e9ducation, de violence familiale, de d\u00e9veloppement des jeunes et d&rsquo;environnements dangereux. NICHI s&rsquo;\u00e9carte des mod\u00e8les coloniaux. NICHI indig\u00e9nise cette expression de besoin et la mani\u00e8re dont les fournisseurs de logements et de services autochtones r\u00e9pondent \u00e0 leurs besoins. NICHI red\u00e9finit la vision occidentale du financement du logement et de la prestation de services pour les Autochtones. Il s&rsquo;agit d&rsquo;une nouvelle approche, Pour les Autochtones par les Autochtones (FIBI), selon laquelle aucune personne autochtone ne sera laiss\u00e9e pour compte en raison de l&rsquo;endroit o\u00f9 elle vit. Il est compl\u00e8tement neutre, impartial et est repr\u00e9sent\u00e9 d&rsquo;un oc\u00e9an \u00e0 l&rsquo;autre. NICHI s&rsquo;appuiera sur ceux qui demandent un financement pour d\u00e9finir leurs besoins urgents et non satisfaits et d\u00e9crire la place de leur projet dans le continuum du logement. Chaque r\u00e9gion conna\u00eet ses propres revers et d\u00e9fis.<\/p>\n<p>&nbsp;<\/p>\n<p>NICHI n&rsquo;adopte pas une approche prescriptive. Nous demandons aux candidats d&rsquo;avoir une perspective v\u00e9ritablement autochtone et locale. O\u00f9 en \u00eates-vous dans le continuum du logement ? O\u00f9 sont les points de pression ? De quoi avez-vous besoin pour vous aider \u00e0 arriver l\u00e0 o\u00f9 vous devez aller\u00a0?<\/p>\n\n","protected":false},"excerpt":{"rendered":"<p>Qu&rsquo;est-ce qui est propos\u00e9 ? Le gouvernement du Canada a annonc\u00e9 le 8 juin 2023 qu&rsquo;il fournirait 281,5 millions de dollars pour r\u00e9pondre au besoin critique de projets de logements&hellip;<\/p>\n","protected":false},"author":2,"featured_media":0,"parent":13208,"menu_order":0,"comment_status":"closed","ping_status":"closed","template":"","meta":{"_acf_changed":false,"_monsterinsights_skip_tracking":false,"_monsterinsights_sitenote_active":false,"_monsterinsights_sitenote_note":"","_monsterinsights_sitenote_category":0,"footnotes":"","_links_to":"","_links_to_target":""},"class_list":["post-13257","page","type-page","status-publish","hentry"],"acf":[],"yoast_head":"<!-- This site is optimized with the Yoast SEO plugin v27.2 - https:\/\/yoast.com\/product\/yoast-seo-wordpress\/ -->\n<title>FAQs - NICHI<\/title>\n<meta name=\"description\" content=\"Qu&#039;est-ce qui est propos\u00e9 ? Le gouvernement du Canada a annonc\u00e9 le 8 juin 2023 qu&#039;il fournirait 281,5 millions de dollars pour r\u00e9pondre au besoin critique\" \/>\n<meta name=\"robots\" content=\"index, follow, max-snippet:-1, max-image-preview:large, max-video-preview:-1\" \/>\n<link rel=\"canonical\" href=\"https:\/\/nichi.ca\/fr\/financement-de-lallocation\/faqs\/\" \/>\n<meta property=\"og:locale\" content=\"fr_FR\" \/>\n<meta property=\"og:type\" content=\"article\" \/>\n<meta property=\"og:title\" content=\"FAQs - NICHI\" \/>\n<meta property=\"og:description\" content=\"Qu&#039;est-ce qui est propos\u00e9 ? Le gouvernement du Canada a annonc\u00e9 le 8 juin 2023 qu&#039;il fournirait 281,5 millions de dollars pour r\u00e9pondre au besoin critique\" \/>\n<meta property=\"og:url\" content=\"https:\/\/nichi.ca\/fr\/financement-de-lallocation\/faqs\/\" \/>\n<meta property=\"og:site_name\" content=\"NICHI\" \/>\n<meta property=\"article:modified_time\" content=\"2023-10-23T16:21:13+00:00\" \/>\n<meta name=\"twitter:card\" content=\"summary_large_image\" \/>\n<meta name=\"twitter:label1\" content=\"Dur\u00e9e de lecture estim\u00e9e\" \/>\n\t<meta name=\"twitter:data1\" content=\"7 minutes\" \/>\n<script type=\"application\/ld+json\" class=\"yoast-schema-graph\">{\"@context\":\"https:\/\/schema.org\",\"@graph\":[{\"@type\":\"WebPage\",\"@id\":\"https:\/\/nichi.ca\/fr\/financement-de-lallocation\/faqs\/\",\"url\":\"https:\/\/nichi.ca\/fr\/financement-de-lallocation\/faqs\/\",\"name\":\"FAQs - NICHI\",\"isPartOf\":{\"@id\":\"https:\/\/nichi.ca\/fr\/#website\"},\"datePublished\":\"2023-10-16T20:55:02+00:00\",\"dateModified\":\"2023-10-23T16:21:13+00:00\",\"description\":\"Qu'est-ce qui est propos\u00e9 ? Le gouvernement du Canada a annonc\u00e9 le 8 juin 2023 qu'il fournirait 281,5 millions de dollars pour r\u00e9pondre au besoin critique\",\"breadcrumb\":{\"@id\":\"https:\/\/nichi.ca\/fr\/financement-de-lallocation\/faqs\/#breadcrumb\"},\"inLanguage\":\"fr-FR\",\"potentialAction\":[{\"@type\":\"ReadAction\",\"target\":[\"https:\/\/nichi.ca\/fr\/financement-de-lallocation\/faqs\/\"]}]},{\"@type\":\"BreadcrumbList\",\"@id\":\"https:\/\/nichi.ca\/fr\/financement-de-lallocation\/faqs\/#breadcrumb\",\"itemListElement\":[{\"@type\":\"ListItem\",\"position\":1,\"name\":\"Home\",\"item\":\"https:\/\/nichi.ca\/fr\/\"},{\"@type\":\"ListItem\",\"position\":2,\"name\":\"Allocation de fonds\",\"item\":\"https:\/\/nichi.ca\/fr\/financement-de-lallocation\/?lang=fr\"},{\"@type\":\"ListItem\",\"position\":3,\"name\":\"FAQs\"}]},{\"@type\":\"WebSite\",\"@id\":\"https:\/\/nichi.ca\/fr\/#website\",\"url\":\"https:\/\/nichi.ca\/fr\/\",\"name\":\"NICHI\",\"description\":\"National Indigenous Collaborative Housing Incorporated\",\"potentialAction\":[{\"@type\":\"SearchAction\",\"target\":{\"@type\":\"EntryPoint\",\"urlTemplate\":\"https:\/\/nichi.ca\/fr\/?s={search_term_string}\"},\"query-input\":{\"@type\":\"PropertyValueSpecification\",\"valueRequired\":true,\"valueName\":\"search_term_string\"}}],\"inLanguage\":\"fr-FR\"}]}<\/script>\n<!-- \/ Yoast SEO plugin. -->","yoast_head_json":{"title":"FAQs - NICHI","description":"Qu'est-ce qui est propos\u00e9 ? Le gouvernement du Canada a annonc\u00e9 le 8 juin 2023 qu'il fournirait 281,5 millions de dollars pour r\u00e9pondre au besoin critique","robots":{"index":"index","follow":"follow","max-snippet":"max-snippet:-1","max-image-preview":"max-image-preview:large","max-video-preview":"max-video-preview:-1"},"canonical":"https:\/\/nichi.ca\/fr\/financement-de-lallocation\/faqs\/","og_locale":"fr_FR","og_type":"article","og_title":"FAQs - NICHI","og_description":"Qu'est-ce qui est propos\u00e9 ? Le gouvernement du Canada a annonc\u00e9 le 8 juin 2023 qu'il fournirait 281,5 millions de dollars pour r\u00e9pondre au besoin critique","og_url":"https:\/\/nichi.ca\/fr\/financement-de-lallocation\/faqs\/","og_site_name":"NICHI","article_modified_time":"2023-10-23T16:21:13+00:00","twitter_card":"summary_large_image","twitter_misc":{"Dur\u00e9e de lecture estim\u00e9e":"7 minutes"},"schema":{"@context":"https:\/\/schema.org","@graph":[{"@type":"WebPage","@id":"https:\/\/nichi.ca\/fr\/financement-de-lallocation\/faqs\/","url":"https:\/\/nichi.ca\/fr\/financement-de-lallocation\/faqs\/","name":"FAQs - NICHI","isPartOf":{"@id":"https:\/\/nichi.ca\/fr\/#website"},"datePublished":"2023-10-16T20:55:02+00:00","dateModified":"2023-10-23T16:21:13+00:00","description":"Qu'est-ce qui est propos\u00e9 ? Le gouvernement du Canada a annonc\u00e9 le 8 juin 2023 qu'il fournirait 281,5 millions de dollars pour r\u00e9pondre au besoin critique","breadcrumb":{"@id":"https:\/\/nichi.ca\/fr\/financement-de-lallocation\/faqs\/#breadcrumb"},"inLanguage":"fr-FR","potentialAction":[{"@type":"ReadAction","target":["https:\/\/nichi.ca\/fr\/financement-de-lallocation\/faqs\/"]}]},{"@type":"BreadcrumbList","@id":"https:\/\/nichi.ca\/fr\/financement-de-lallocation\/faqs\/#breadcrumb","itemListElement":[{"@type":"ListItem","position":1,"name":"Home","item":"https:\/\/nichi.ca\/fr\/"},{"@type":"ListItem","position":2,"name":"Allocation de fonds","item":"https:\/\/nichi.ca\/fr\/financement-de-lallocation\/?lang=fr"},{"@type":"ListItem","position":3,"name":"FAQs"}]},{"@type":"WebSite","@id":"https:\/\/nichi.ca\/fr\/#website","url":"https:\/\/nichi.ca\/fr\/","name":"NICHI","description":"National Indigenous Collaborative Housing Incorporated","potentialAction":[{"@type":"SearchAction","target":{"@type":"EntryPoint","urlTemplate":"https:\/\/nichi.ca\/fr\/?s={search_term_string}"},"query-input":{"@type":"PropertyValueSpecification","valueRequired":true,"valueName":"search_term_string"}}],"inLanguage":"fr-FR"}]}},"_links":{"self":[{"href":"https:\/\/nichi.ca\/fr\/wp-json\/wp\/v2\/pages\/13257","targetHints":{"allow":["GET"]}}],"collection":[{"href":"https:\/\/nichi.ca\/fr\/wp-json\/wp\/v2\/pages"}],"about":[{"href":"https:\/\/nichi.ca\/fr\/wp-json\/wp\/v2\/types\/page"}],"author":[{"embeddable":true,"href":"https:\/\/nichi.ca\/fr\/wp-json\/wp\/v2\/users\/2"}],"replies":[{"embeddable":true,"href":"https:\/\/nichi.ca\/fr\/wp-json\/wp\/v2\/comments?post=13257"}],"version-history":[{"count":0,"href":"https:\/\/nichi.ca\/fr\/wp-json\/wp\/v2\/pages\/13257\/revisions"}],"up":[{"embeddable":true,"href":"https:\/\/nichi.ca\/fr\/wp-json\/wp\/v2\/pages\/13208"}],"wp:attachment":[{"href":"https:\/\/nichi.ca\/fr\/wp-json\/wp\/v2\/media?parent=13257"}],"curies":[{"name":"wp","href":"https:\/\/api.w.org\/{rel}","templated":true}]}}