{"id":13208,"date":"2023-09-07T17:11:40","date_gmt":"2023-09-07T21:11:40","guid":{"rendered":"https:\/\/nichi.ca\/allocation-funding\/"},"modified":"2024-03-27T13:55:12","modified_gmt":"2024-03-27T17:55:12","slug":"financement-de-lallocation","status":"publish","type":"page","link":"https:\/\/nichi.ca\/fr\/financement-de-lallocation\/","title":{"rendered":"Allocation de fonds"},"content":{"rendered":"\n<h1>\n\t\tAnnonce de financement de NICHI \n\t<\/h1>\n\tLa National Indigenous Collaborative Housing Inc. (NICHI) a \u00e9t\u00e9 cr\u00e9\u00e9e en novembre 2022 par des fournisseurs de logements autochtones de tout le pays pour proposer des solutions de logement \u00ab Pour les Autochtones, par les Autochtones \u00bb (FIBI) aux peuples autochtones urbains, ruraux et du Nord. Nous accordons la priorit\u00e9 au logement en tant que droit humain dans le but de mettre en \u0153uvre une strat\u00e9gie nationale de logement autochtone en milieu urbain, rural et nordique (URN) enti\u00e8rement dirig\u00e9e par les Autochtones. NICHI milite en faveur de logements communautaires holistiques et dot\u00e9s de services qui responsabilisent les communaut\u00e9s autochtones.\n<img loading=\"lazy\" decoding=\"async\" src=\"https:\/\/nichi.ca\/wp-content\/uploads\/2023\/10\/NICHI-Housing-Continuum-French-1024x576.jpg\" alt=\"\" width=\"1024\" height=\"576\" \/>\n<h3><strong>Financement disponible pour les organisations venant en aide aux plus d\u00e9munis<\/strong><\/h3>\n<p>Reconnaissant la n\u00e9cessit\u00e9 d&rsquo;une action imm\u00e9diate, le gouvernement f\u00e9d\u00e9ral et le NICHI ont annonc\u00e9 un financement de 281,5 millions de dollars dans le cadre du budget 2022 en juin 2023 pour r\u00e9pondre au besoin critique de projets de logements autochtones s\u00fbrs et abordables en milieu urbain, rural et nordique. Ce financement sera accord\u00e9 dans le cadre d&rsquo;un processus de demande visant \u00e0 identifier et \u00e0 s\u00e9lectionner des projets d&rsquo;infrastructure qui r\u00e9pondent aux besoins urgents et non satisfaits en mati\u00e8re de logement des peuples autochtones vivant loin de leurs communaut\u00e9s traditionnelles.<\/p>\n<p>Sur 677 000 m\u00e9nages autochtones vivant dans les zones urbaines, rurales et nordiques du Canada, 124 000 ont des besoins imp\u00e9rieux en mati\u00e8re de logement, dont 37 500 personnes sont sans abri. Le financement est destin\u00e9 \u00e0 ceux qui ont identifi\u00e9 le plus grand besoin.<\/p>\n<p>NICHI ne fait pas partie du gouvernement canadien. NICHI s&rsquo;est engag\u00e9 \u00e0 r\u00e9pondre au besoin de logements s\u00fbrs, appropri\u00e9s et abordables pour les personnes autochtones urbaines, rurales et du Nord vivant loin de leurs communaut\u00e9s d&rsquo;origine ou de leurs territoires traditionnels. L&rsquo;acc\u00e8s \u00e0 un logement s\u00fbr et abordable est essentiel pour am\u00e9liorer les r\u00e9sultats sanitaires et sociaux et pour assurer un avenir meilleur aux communaut\u00e9s et aux enfants autochtones. Cette initiative de financement fait partie de l&rsquo;engagement du gouvernement du Canada s&rsquo;attaquant aux d\u00e9terminants sociaux de la sant\u00e9 et \u00e0 faire progresser l&rsquo;autod\u00e9termination, conform\u00e9ment aux articles 21 et 23 de la D\u00e9claration des Nations Unies sur les droits des peuples autochtones. Le d\u00e9ploiement de fonds par l&rsquo;interm\u00e9diaire du NICHI fait partie de l&rsquo;engagement du gouvernement du Canada pour s&rsquo;avancer sur la voie de la r\u00e9conciliation.<\/p>\n<h3>Pour les Autochtones Par les Autochtones<\/h3>\n<p>L&rsquo;approche Pour les Autochtones par les Autochtones (FIBI) r\u00e9organise le syst\u00e8me de financement qui a \u00e9t\u00e9 con\u00e7u pour les Autochtones par le gouvernement et a laiss\u00e9 les Autochtones sans services, vuln\u00e9rables et sans acc\u00e8s \u00e0 des soutiens culturel. Il donne la priorit\u00e9 aux besoins des organisations autochtones qui doivent mettre en \u0153uvre un processus objectif, juste et \u00e9quitable pour atteindre les fournisseurs de logements, quels que soient leur grosseurs, leur capacit\u00e9 et leur emplacement g\u00e9ographique.<\/p>\n<h3>Objectifs de financement<\/h3>\n<ol>\n<li>Combler le d\u00e9ficit de logement des Premi\u00e8res Nations, des Inuits et des M\u00e9tis qui vivent dans les zones urbaines, rurales et nordiques et qui sont confront\u00e9s quotidiennement \u00e0 des menaces en mati\u00e8re de s\u00e9curit\u00e9 du logement.<\/li>\n<li>Soutenir les organismes de prestation de services et de logement des Premi\u00e8res Nations, des Inuits et des M\u00e9tis urbains, ruraux et du Nord afin de r\u00e9pondre aux besoins urgents et non satisfaits en mati\u00e8re de logement des peuples autochtones.<\/li>\n<li>Veiller \u00e0 ce qu&rsquo;il existe un processus de candidature ouvert, \u00e9quitable et \u00e9quilibr\u00e9 au niveau r\u00e9gional.<\/li>\n<\/ol>\n<h3>Le financement est destin\u00e9<\/h3>\n<p>Des fournisseurs de logements \u00e0 travers le Canada qui sont :<\/p>\n<ul>\n<li>Des organisations dirig\u00e9es\/appartenant \u00e0 des Autochtones et\/ou fortement soutenues par les peuples autochtones de la communaut\u00e9. Les organisations qui s&rsquo;associent \u00e0 des organisations autochtones peuvent \u00eatre prises en consid\u00e9ration ;<\/li>\n<li>non lucratif<\/li>\n<li>r\u00e9pondre aux besoins urgents et non satisfaits des peuples autochtones urbains, ruraux et du Nord<\/li>\n<li>qui fournissent au moins un des \u00e9l\u00e9ments suivants :\n<ul>\n<li>Logement avec services de soutien<\/li>\n<li>Services de transition<\/li>\n<li>Support op\u00e9rationnel<\/li>\n<\/ul>\n<\/li>\n<\/ul>\n<h3>Notre processus est ancr\u00e9 dans les connaissances traditionnelles<\/h3>\n<p>Aucune expertise ni aucune id\u00e9e n&rsquo;est plus pertinente que celles des organisations autochtones. Votre voix autochtone est la meilleure pour identifier les besoins en mati\u00e8re de logement et de prestation de services de votre communaut\u00e9. NICHI souhaite travailler avec des organisations dirig\u00e9es par des Autochtones pour renforcer la capacit\u00e9 de logement pour tous les Autochtones d&rsquo;un oc\u00e9an \u00e0 l&rsquo;autre. Nous croyons fortement que tous les peuples autochtones ont le droit d&rsquo;acc\u00e9der au logement ou n&rsquo;importe o\u00f9 qu&rsquo;ils se trouvent sur ce continuum. NICHI est \u00e0 l&rsquo;\u00e9coute des fournisseurs de logements et de services dirig\u00e9s par des Autochtones, afin d&rsquo;identifier les besoins urgents et non satisfaits dans toutes les r\u00e9gions du Canada.<\/p>\n<p>Faites-nous part de vos besoins de financement et identifiez vos besoins sp\u00e9cifiques urgents et non satisfaits.<\/p>\n<ul>\n<li>Comment le financement sera-t-il utile ?<\/li>\n<li>\u00c0 quel besoin en mati\u00e8re de logement votre projet r\u00e9pond-il dans votre communaut\u00e9 ?<\/li>\n<li>O\u00f9 en \u00eates-vous dans le continuum du logement autochtone?<\/li>\n<li>Quels sont les besoins urgents et non satisfaits que vous envisagez de r\u00e9pondre ?<\/li>\n<li>Comment le financement y r\u00e9pondra-t-il ?<\/li>\n<\/ul>\n<p>Cette approche typiquement autochtone est con\u00e7ue pour conduire \u00e0 un d\u00e9caissement juste et \u00e9quitable du financement limit\u00e9.<\/p>\n<h3>Comment s&rsquo;inscrire<\/h3>\n<p>Les demandes de financement en expression de besoin seront disponibles en ligne sur le site Web du NICHI. Si vous souhaitez postuler, veuillez visiter la page Contact et soumettre votre nom, votre organisation et votre adresse e-mail afin que nous puissions vous informer de l&rsquo;ouverture des candidatures. Vous pouvez \u00e9galement consulter les r\u00e9seaux sociaux : X (anciennement Twitter), @NICHI_housing ; LinkedIn, NICHI (National Indigenous Collaborative Housing Inc.); Facebook, Collaboration nationale sur le logement autochtone Inc.-NICHI.<\/p>\n<h3>Types de financement<\/h3>\n<p>Il y aura deux cat\u00e9gories de financement pour l&rsquo;aide :<\/p>\n<ul>\n<li>Capacit\u00e9 et d\u00e9veloppement organisationnel : jusqu&rsquo;\u00e0 1 million de dollars destin\u00e9s au d\u00e9veloppement de projets, \u00e0 l&rsquo;assistance sur le terrain, aux d\u00e9ficits op\u00e9rationnels et \u00e0 d&rsquo;autres exigences de d\u00e9veloppement de projets telles que la modernisation et l&rsquo;am\u00e9lioration n\u00e9cessaires pour assurer le succ\u00e8s\/la continuit\u00e9 du projet.<\/li>\n<li>D\u00e9veloppement des immobilisations : les besoins de financement de projets d\u00e9passant 1 million de dollars jusqu&rsquo;\u00e0 10 millions de dollars doivent mobiliser des fonds suppl\u00e9mentaires pour des projets \u00e0 grande \u00e9chelle, des r\u00e9novations majeures, de nouvelles constructions, etc.<\/li>\n<\/ul>\n<h3>Dates cl\u00e9s<\/h3>\n<p>30 octobre de 12 h \u00e0 13 h HE, webinaire I &#8211; Pr\u00e9sentez NICHI, l&rsquo;allocation de financement, le calendrier et les crit\u00e8res.\u00a0<a href=\"https:\/\/shorturl.at\/hjGI7\">https:\/\/shorturl.at\/hjGI7<\/a><\/p>\n<p>16 novembre, de 12h \u00e0 13h Webinaire II &#8211; Processus d&rsquo;appel expliqu\u00e9 avec le formulaire de candidature pas \u00e0 pas, les informations requises et le calendrier. \u00a0<a href=\"https:\/\/www.eventbrite.ca\/e\/737080346157?aff=oddtdtcreator\">https:\/\/www.eventbrite.ca\/e\/737080346157?aff=oddtdtcreator<\/a><\/p>\n<p>Expression de besoin de demandes de financement<\/p>\n<p>24 novembre Ouverture des candidatures sur le site du NICHI<\/p>\n<p>12 janvier &#8211; Fin du processus de candidature<\/p>\n<p><em>Annonce des candidats s\u00e9lectionn\u00e9s &#8211; D\u00e9tails \u00e0 venir<\/em><\/p>\n<p>D\u00e8s le d\u00e9ploiement du financement, les projets d\u00e9marrent<\/p>\n<p><strong>Conseil consultatif de s\u00e9lection de projets<\/strong><\/p>\n<p>Le Conseil consultatif de s\u00e9lection de projets (PSAC) est compos\u00e9 de dirigeants autochtones impartiaux qui sont des experts en logement de partout au Canada qui comprennent les besoins des communaut\u00e9s urbaines, rurales et nordiques. Ces b\u00e9n\u00e9voles ont travaill\u00e9 pour les droits des Autochtones au logement et \u00e0 l&rsquo;acc\u00e8s aux services pendant la majeure partie de leur vie professionnelle et ont \u00e9t\u00e9 activement impliqu\u00e9s dans la conception et la mise en \u0153uvre du processus. Ils seront \u00e9galement directement impliqu\u00e9s dans le processus d&rsquo;\u00e9valuation qui comprend l&rsquo;examen de toutes les candidatures. Certains ont v\u00e9cu dans des milieux urbains diff\u00e9rents tandis que d&rsquo;autres vivent dans le Nord. L&rsquo;expertise du conseil comprend :<\/p>\n<ul>\n<li>Coordination des programmes de jeunesse, d&rsquo;entrepreneuriat et de prestation de services<\/li>\n<li>Gestion de la construction d&rsquo;immobilisations<\/li>\n<li>Programmation culturelle comprenant la prestation de programmes de gu\u00e9rison bas\u00e9s sur la terre et une approche ax\u00e9e sur le r\u00e9tablissement pour mettre fin \u00e0 l&rsquo;itin\u00e9rance.<\/li>\n<li>Expertise travaillant avec les communaut\u00e9s autochtones, les organismes \u00e0 but non lucratif et le mouvement des centres d&rsquo;amiti\u00e9.<\/li>\n<li>Direction financi\u00e8re<\/li>\n<li>Promotion des parcours \u00e9ducatifs et de la gu\u00e9rison et du r\u00e9tablissement par la culture<\/li>\n<\/ul>\n<p>Les membres croient que le logement et une approche holistique dans un espace culturellement s\u00e9curis\u00e9 pourraient \u00eatre le d\u00e9but d&rsquo;un processus de gu\u00e9rison apr\u00e8s la colonisation.<\/p>\n\n","protected":false},"excerpt":{"rendered":"<p>Annonce de financement de NICHI La National Indigenous Collaborative Housing Inc. (NICHI) a \u00e9t\u00e9 cr\u00e9\u00e9e en novembre 2022 par des fournisseurs de logements autochtones de tout le pays pour proposer&hellip;<\/p>\n","protected":false},"author":2,"featured_media":0,"parent":0,"menu_order":0,"comment_status":"closed","ping_status":"closed","template":"","meta":{"_acf_changed":false,"_monsterinsights_skip_tracking":false,"_monsterinsights_sitenote_active":false,"_monsterinsights_sitenote_note":"","_monsterinsights_sitenote_category":0,"footnotes":"","_links_to":"","_links_to_target":""},"class_list":["post-13208","page","type-page","status-publish","hentry"],"acf":[],"yoast_head":"<!-- This site is optimized with the Yoast SEO plugin v27.2 - https:\/\/yoast.com\/product\/yoast-seo-wordpress\/ -->\n<title>Allocation de fonds - NICHI<\/title>\n<meta name=\"description\" content=\"Annonce de financement de NICHI La National Indigenous Collaborative Housing Inc. (NICHI) a \u00e9t\u00e9 cr\u00e9\u00e9e en novembre 2022 par des fournisseurs de logements\" \/>\n<meta name=\"robots\" content=\"index, follow, max-snippet:-1, max-image-preview:large, max-video-preview:-1\" \/>\n<link rel=\"canonical\" href=\"https:\/\/nichi.ca\/fr\/financement-de-lallocation\/\" \/>\n<meta property=\"og:locale\" content=\"fr_FR\" \/>\n<meta property=\"og:type\" content=\"article\" \/>\n<meta property=\"og:title\" content=\"Allocation de fonds - NICHI\" \/>\n<meta property=\"og:description\" content=\"Annonce de financement de NICHI La National Indigenous Collaborative Housing Inc. (NICHI) a \u00e9t\u00e9 cr\u00e9\u00e9e en novembre 2022 par des fournisseurs de logements\" \/>\n<meta property=\"og:url\" content=\"https:\/\/nichi.ca\/fr\/financement-de-lallocation\/\" \/>\n<meta property=\"og:site_name\" content=\"NICHI\" \/>\n<meta property=\"article:modified_time\" content=\"2024-03-27T17:55:12+00:00\" \/>\n<meta property=\"og:image\" content=\"https:\/\/nichi.ca\/wp-content\/uploads\/2023\/10\/NICHI-Housing-Continuum-French-1024x576.jpg\" \/>\n<meta name=\"twitter:card\" content=\"summary_large_image\" \/>\n<meta name=\"twitter:label1\" content=\"Dur\u00e9e de lecture estim\u00e9e\" \/>\n\t<meta name=\"twitter:data1\" content=\"12 minutes\" \/>\n<script type=\"application\/ld+json\" class=\"yoast-schema-graph\">{\"@context\":\"https:\/\/schema.org\",\"@graph\":[{\"@type\":\"WebPage\",\"@id\":\"https:\/\/nichi.ca\/fr\/financement-de-lallocation\/\",\"url\":\"https:\/\/nichi.ca\/fr\/financement-de-lallocation\/\",\"name\":\"Allocation de fonds - NICHI\",\"isPartOf\":{\"@id\":\"https:\/\/nichi.ca\/fr\/#website\"},\"primaryImageOfPage\":{\"@id\":\"https:\/\/nichi.ca\/fr\/financement-de-lallocation\/#primaryimage\"},\"image\":{\"@id\":\"https:\/\/nichi.ca\/fr\/financement-de-lallocation\/#primaryimage\"},\"thumbnailUrl\":\"https:\/\/nichi.ca\/wp-content\/uploads\/2023\/10\/NICHI-Housing-Continuum-French-1024x576.jpg\",\"datePublished\":\"2023-09-07T21:11:40+00:00\",\"dateModified\":\"2024-03-27T17:55:12+00:00\",\"description\":\"Annonce de financement de NICHI La National Indigenous Collaborative Housing Inc. (NICHI) a \u00e9t\u00e9 cr\u00e9\u00e9e en novembre 2022 par des fournisseurs de logements\",\"breadcrumb\":{\"@id\":\"https:\/\/nichi.ca\/fr\/financement-de-lallocation\/#breadcrumb\"},\"inLanguage\":\"fr-FR\",\"potentialAction\":[{\"@type\":\"ReadAction\",\"target\":[\"https:\/\/nichi.ca\/fr\/financement-de-lallocation\/\"]}]},{\"@type\":\"ImageObject\",\"inLanguage\":\"fr-FR\",\"@id\":\"https:\/\/nichi.ca\/fr\/financement-de-lallocation\/#primaryimage\",\"url\":\"https:\/\/nichi.ca\/wp-content\/uploads\/2023\/10\/NICHI-Housing-Continuum-French-1024x576.jpg\",\"contentUrl\":\"https:\/\/nichi.ca\/wp-content\/uploads\/2023\/10\/NICHI-Housing-Continuum-French-1024x576.jpg\"},{\"@type\":\"BreadcrumbList\",\"@id\":\"https:\/\/nichi.ca\/fr\/financement-de-lallocation\/#breadcrumb\",\"itemListElement\":[{\"@type\":\"ListItem\",\"position\":1,\"name\":\"Home\",\"item\":\"https:\/\/nichi.ca\/fr\/\"},{\"@type\":\"ListItem\",\"position\":2,\"name\":\"Allocation de fonds\"}]},{\"@type\":\"WebSite\",\"@id\":\"https:\/\/nichi.ca\/fr\/#website\",\"url\":\"https:\/\/nichi.ca\/fr\/\",\"name\":\"NICHI\",\"description\":\"National Indigenous Collaborative Housing Incorporated\",\"potentialAction\":[{\"@type\":\"SearchAction\",\"target\":{\"@type\":\"EntryPoint\",\"urlTemplate\":\"https:\/\/nichi.ca\/fr\/?s={search_term_string}\"},\"query-input\":{\"@type\":\"PropertyValueSpecification\",\"valueRequired\":true,\"valueName\":\"search_term_string\"}}],\"inLanguage\":\"fr-FR\"}]}<\/script>\n<!-- \/ Yoast SEO plugin. -->","yoast_head_json":{"title":"Allocation de fonds - NICHI","description":"Annonce de financement de NICHI La National Indigenous Collaborative Housing Inc. (NICHI) a \u00e9t\u00e9 cr\u00e9\u00e9e en novembre 2022 par des fournisseurs de logements","robots":{"index":"index","follow":"follow","max-snippet":"max-snippet:-1","max-image-preview":"max-image-preview:large","max-video-preview":"max-video-preview:-1"},"canonical":"https:\/\/nichi.ca\/fr\/financement-de-lallocation\/","og_locale":"fr_FR","og_type":"article","og_title":"Allocation de fonds - NICHI","og_description":"Annonce de financement de NICHI La National Indigenous Collaborative Housing Inc. (NICHI) a \u00e9t\u00e9 cr\u00e9\u00e9e en novembre 2022 par des fournisseurs de logements","og_url":"https:\/\/nichi.ca\/fr\/financement-de-lallocation\/","og_site_name":"NICHI","article_modified_time":"2024-03-27T17:55:12+00:00","og_image":[{"url":"https:\/\/nichi.ca\/wp-content\/uploads\/2023\/10\/NICHI-Housing-Continuum-French-1024x576.jpg","type":"","width":"","height":""}],"twitter_card":"summary_large_image","twitter_misc":{"Dur\u00e9e de lecture estim\u00e9e":"12 minutes"},"schema":{"@context":"https:\/\/schema.org","@graph":[{"@type":"WebPage","@id":"https:\/\/nichi.ca\/fr\/financement-de-lallocation\/","url":"https:\/\/nichi.ca\/fr\/financement-de-lallocation\/","name":"Allocation de fonds - NICHI","isPartOf":{"@id":"https:\/\/nichi.ca\/fr\/#website"},"primaryImageOfPage":{"@id":"https:\/\/nichi.ca\/fr\/financement-de-lallocation\/#primaryimage"},"image":{"@id":"https:\/\/nichi.ca\/fr\/financement-de-lallocation\/#primaryimage"},"thumbnailUrl":"https:\/\/nichi.ca\/wp-content\/uploads\/2023\/10\/NICHI-Housing-Continuum-French-1024x576.jpg","datePublished":"2023-09-07T21:11:40+00:00","dateModified":"2024-03-27T17:55:12+00:00","description":"Annonce de financement de NICHI La National Indigenous Collaborative Housing Inc. (NICHI) a \u00e9t\u00e9 cr\u00e9\u00e9e en novembre 2022 par des fournisseurs de logements","breadcrumb":{"@id":"https:\/\/nichi.ca\/fr\/financement-de-lallocation\/#breadcrumb"},"inLanguage":"fr-FR","potentialAction":[{"@type":"ReadAction","target":["https:\/\/nichi.ca\/fr\/financement-de-lallocation\/"]}]},{"@type":"ImageObject","inLanguage":"fr-FR","@id":"https:\/\/nichi.ca\/fr\/financement-de-lallocation\/#primaryimage","url":"https:\/\/nichi.ca\/wp-content\/uploads\/2023\/10\/NICHI-Housing-Continuum-French-1024x576.jpg","contentUrl":"https:\/\/nichi.ca\/wp-content\/uploads\/2023\/10\/NICHI-Housing-Continuum-French-1024x576.jpg"},{"@type":"BreadcrumbList","@id":"https:\/\/nichi.ca\/fr\/financement-de-lallocation\/#breadcrumb","itemListElement":[{"@type":"ListItem","position":1,"name":"Home","item":"https:\/\/nichi.ca\/fr\/"},{"@type":"ListItem","position":2,"name":"Allocation de fonds"}]},{"@type":"WebSite","@id":"https:\/\/nichi.ca\/fr\/#website","url":"https:\/\/nichi.ca\/fr\/","name":"NICHI","description":"National Indigenous Collaborative Housing Incorporated","potentialAction":[{"@type":"SearchAction","target":{"@type":"EntryPoint","urlTemplate":"https:\/\/nichi.ca\/fr\/?s={search_term_string}"},"query-input":{"@type":"PropertyValueSpecification","valueRequired":true,"valueName":"search_term_string"}}],"inLanguage":"fr-FR"}]}},"_links":{"self":[{"href":"https:\/\/nichi.ca\/fr\/wp-json\/wp\/v2\/pages\/13208","targetHints":{"allow":["GET"]}}],"collection":[{"href":"https:\/\/nichi.ca\/fr\/wp-json\/wp\/v2\/pages"}],"about":[{"href":"https:\/\/nichi.ca\/fr\/wp-json\/wp\/v2\/types\/page"}],"author":[{"embeddable":true,"href":"https:\/\/nichi.ca\/fr\/wp-json\/wp\/v2\/users\/2"}],"replies":[{"embeddable":true,"href":"https:\/\/nichi.ca\/fr\/wp-json\/wp\/v2\/comments?post=13208"}],"version-history":[{"count":0,"href":"https:\/\/nichi.ca\/fr\/wp-json\/wp\/v2\/pages\/13208\/revisions"}],"wp:attachment":[{"href":"https:\/\/nichi.ca\/fr\/wp-json\/wp\/v2\/media?parent=13208"}],"curies":[{"name":"wp","href":"https:\/\/api.w.org\/{rel}","templated":true}]}}