{"id":13102,"date":"2023-04-14T10:20:32","date_gmt":"2023-04-14T14:20:32","guid":{"rendered":"https:\/\/nichi.ca\/media\/"},"modified":"2024-03-22T12:25:36","modified_gmt":"2024-03-22T16:25:36","slug":"medias","status":"publish","type":"page","link":"https:\/\/nichi.ca\/fr\/medias\/","title":{"rendered":"M\u00e9dias"},"content":{"rendered":"\n<h1>\n\t\tM\u00e9dias\n\t<\/h1>\n<h2>\n\t\tNouvelles et mises \u00e0 jour\n\t<\/h2>\n<ul><li data-filter=\"*\">Show All<\/li><li data-filter=\".uabb-masonary-cat-30\" tabindex=\"0\">Actualit\u00e9s et m\u00e9dias<\/li><li data-filter=\".uabb-masonary-cat-29\" tabindex=\"0\">Communiqu\u00e9 de presse<\/li><\/ul>\n\t<meta itemscope itemprop=\"mainEntityOfPage\" itemtype=\"https:\/\/schema.org\/WebPage\" itemid=\"https:\/\/nichi.ca\/news-members-meeting-le-8-avril-2024\/?lang=fr\" content=\"News: Members Meeting (Le 8 avril 2024)\" \/><meta itemprop=\"datePublished\" content=\"2024-03-22\" \/><meta itemprop=\"dateModified\" content=\"2024-03-22\" \/><meta itemprop=\"name\" content=\"NICHI\"\/><meta itemprop=\"url\" content=\"https:\/\/nichi.ca\/author\/cgervais\/?lang=fr\" \/><meta itemprop=\"name\" content=\"Christina Gervais\" \/><meta itemprop=\"url\" content=\"https:\/\/nichi.ca\/wp-content\/uploads\/2024\/03\/6.jpg\" \/><meta itemprop=\"width\" content=\"624\" \/><meta itemprop=\"height\" content=\"263\" \/><meta itemprop=\"interactionType\" content=\"https:\/\/schema.org\/CommentAction\" \/><meta itemprop=\"userInteractionCount\" content=\"0\" \/>\n\t<a href='https:\/\/nichi.ca\/news-members-meeting-le-8-avril-2024\/?lang=fr' title='News: Members Meeting (Le 8 avril 2024)'><img width=\"624\" height=\"263\" src=\"https:\/\/nichi.ca\/wp-content\/uploads\/2024\/03\/6.jpg\" alt=\"\" itemprop=\"image\" decoding=\"async\" loading=\"lazy\" srcset=\"https:\/\/nichi.ca\/wp-content\/uploads\/2024\/03\/6.jpg 624w, https:\/\/nichi.ca\/wp-content\/uploads\/2024\/03\/6-300x126.jpg 300w\" sizes=\"auto, (max-width: 624px) 100vw, 624px\" \/><\/a>\n\n\t Mar 22, 2024 \n\n<p><a href='https:\/\/nichi.ca\/news-members-meeting-le-8-avril-2024\/?lang=fr' title='News: Members Meeting (Le 8 avril 2024)'>News: Members Meeting (Le 8 avril 2024)<\/a><\/p>\n\t<meta itemscope itemprop=\"mainEntityOfPage\" itemtype=\"https:\/\/schema.org\/WebPage\" itemid=\"https:\/\/nichi.ca\/wp-content\/uploads\/2024\/02\/Nichi-Press-Release-CEO-Announcement-January-31-2024_FR-final.pdf#new_tab\" content=\"Communiqu\u00e9 de presse: Annonce du directeur g\u00e9n\u00e9ral\" \/><meta itemprop=\"datePublished\" content=\"2024-02-05\" \/><meta itemprop=\"dateModified\" content=\"2024-02-02\" \/><meta itemprop=\"name\" content=\"NICHI\"\/><meta itemprop=\"url\" content=\"https:\/\/nichi.ca\/author\/cgervais\/?lang=fr\" \/><meta itemprop=\"name\" content=\"Christina Gervais\" \/><meta itemprop=\"url\" content=\"https:\/\/nichi.ca\/wp-content\/uploads\/2024\/02\/French-press-release-2.png\" \/><meta itemprop=\"width\" content=\"923\" \/><meta itemprop=\"height\" content=\"328\" \/><meta itemprop=\"interactionType\" content=\"https:\/\/schema.org\/CommentAction\" \/><meta itemprop=\"userInteractionCount\" content=\"0\" \/>\n\t<a href='https:\/\/nichi.ca\/wp-content\/uploads\/2024\/02\/Nichi-Press-Release-CEO-Announcement-January-31-2024_FR-final.pdf#new_tab' title='Communiqu\u00e9 de presse: Annonce du directeur g\u00e9n\u00e9ral'><img width=\"923\" height=\"328\" src=\"https:\/\/nichi.ca\/wp-content\/uploads\/2024\/02\/French-press-release-2.png\" alt=\"FR press release\" itemprop=\"image\" decoding=\"async\" loading=\"lazy\" srcset=\"https:\/\/nichi.ca\/wp-content\/uploads\/2024\/02\/French-press-release-2.png 923w, https:\/\/nichi.ca\/wp-content\/uploads\/2024\/02\/French-press-release-2-300x107.png 300w, https:\/\/nichi.ca\/wp-content\/uploads\/2024\/02\/French-press-release-2-768x273.png 768w, https:\/\/nichi.ca\/wp-content\/uploads\/2024\/02\/French-press-release-2-844x300.png 844w\" sizes=\"auto, (max-width: 923px) 100vw, 923px\" \/><\/a>\n\n\t F\u00e9v 5, 2024 \n\n<p><a href='https:\/\/nichi.ca\/wp-content\/uploads\/2024\/02\/Nichi-Press-Release-CEO-Announcement-January-31-2024_FR-final.pdf#new_tab' title='Communiqu\u00e9 de presse: Annonce du directeur g\u00e9n\u00e9ral'>Communiqu\u00e9 de presse: Annonce du directeur g\u00e9n\u00e9ral<\/a><\/p>\n\t<meta itemscope itemprop=\"mainEntityOfPage\" itemtype=\"https:\/\/schema.org\/WebPage\" itemid=\"https:\/\/nichi.ca\/wp-content\/uploads\/2024\/02\/Nichi-Press-Release-Response-to-the-call-February-1-2024_FR-final-French.pdf#new_tab\" content=\"Communiqu\u00e9 de presse : R\u00e9ponse \u00e0 l&rsquo;appel\" \/><meta itemprop=\"datePublished\" content=\"2024-02-01\" \/><meta itemprop=\"dateModified\" content=\"2024-02-02\" \/><meta itemprop=\"name\" content=\"NICHI\"\/><meta itemprop=\"url\" content=\"https:\/\/nichi.ca\/author\/cgervais\/?lang=fr\" \/><meta itemprop=\"name\" content=\"Christina Gervais\" \/><meta itemprop=\"url\" content=\"https:\/\/nichi.ca\/wp-content\/uploads\/2024\/02\/french-press-release-1.png\" \/><meta itemprop=\"width\" content=\"624\" \/><meta itemprop=\"height\" content=\"184\" \/><meta itemprop=\"interactionType\" content=\"https:\/\/schema.org\/CommentAction\" \/><meta itemprop=\"userInteractionCount\" content=\"0\" \/>\n\t<a href='https:\/\/nichi.ca\/wp-content\/uploads\/2024\/02\/Nichi-Press-Release-Response-to-the-call-February-1-2024_FR-final-French.pdf#new_tab' title='Communiqu\u00e9 de presse : R\u00e9ponse \u00e0 l&rsquo;appel'><img width=\"624\" height=\"184\" src=\"https:\/\/nichi.ca\/wp-content\/uploads\/2024\/02\/french-press-release-1.png\" alt=\"\" itemprop=\"image\" decoding=\"async\" loading=\"lazy\" srcset=\"https:\/\/nichi.ca\/wp-content\/uploads\/2024\/02\/french-press-release-1.png 624w, https:\/\/nichi.ca\/wp-content\/uploads\/2024\/02\/french-press-release-1-300x88.png 300w\" sizes=\"auto, (max-width: 624px) 100vw, 624px\" \/><\/a>\n\n\t F\u00e9v 1, 2024 \n\n<p><a href='https:\/\/nichi.ca\/wp-content\/uploads\/2024\/02\/Nichi-Press-Release-Response-to-the-call-February-1-2024_FR-final-French.pdf#new_tab' title='Communiqu\u00e9 de presse : R\u00e9ponse \u00e0 l&rsquo;appel'>Communiqu\u00e9 de presse : R\u00e9ponse \u00e0 l&rsquo;appel<\/a><\/p>\n\t\t\n","protected":false},"excerpt":{"rendered":"<p>M\u00e9dias Nouvelles et mises \u00e0 jour Show All Actualit\u00e9s et m\u00e9dias Communiqu\u00e9 de presse Mar 22, 2024 News: Members Meeting (Le 8 avril 2024) F\u00e9v 5, 2024 Communiqu\u00e9 de presse:&hellip;<\/p>\n","protected":false},"author":1,"featured_media":0,"parent":0,"menu_order":0,"comment_status":"closed","ping_status":"closed","template":"","meta":{"_acf_changed":false,"_monsterinsights_skip_tracking":false,"_monsterinsights_sitenote_active":false,"_monsterinsights_sitenote_note":"","_monsterinsights_sitenote_category":0,"footnotes":"","_links_to":"","_links_to_target":""},"class_list":["post-13102","page","type-page","status-publish","hentry"],"acf":[],"yoast_head":"<!-- This site is optimized with the Yoast SEO plugin v27.2 - https:\/\/yoast.com\/product\/yoast-seo-wordpress\/ -->\n<title>M\u00e9dias - NICHI<\/title>\n<meta name=\"description\" content=\"M\u00e9dias Nouvelles et mises \u00e0 jour Show AllActualit\u00e9s et m\u00e9diasCommuniqu\u00e9 de presse Mar 22, 2024 News: Members Meeting (Le 8 avril 2024) F\u00e9v 5, 2024\" \/>\n<meta name=\"robots\" content=\"index, follow, max-snippet:-1, max-image-preview:large, max-video-preview:-1\" \/>\n<link rel=\"canonical\" href=\"https:\/\/nichi.ca\/fr\/medias\/\" \/>\n<meta property=\"og:locale\" content=\"fr_FR\" \/>\n<meta property=\"og:type\" content=\"article\" \/>\n<meta property=\"og:title\" content=\"M\u00e9dias - NICHI\" \/>\n<meta property=\"og:description\" content=\"M\u00e9dias Nouvelles et mises \u00e0 jour Show AllActualit\u00e9s et m\u00e9diasCommuniqu\u00e9 de presse Mar 22, 2024 News: Members Meeting (Le 8 avril 2024) F\u00e9v 5, 2024\" \/>\n<meta property=\"og:url\" content=\"https:\/\/nichi.ca\/fr\/medias\/\" \/>\n<meta property=\"og:site_name\" content=\"NICHI\" \/>\n<meta property=\"article:modified_time\" content=\"2024-03-22T16:25:36+00:00\" \/>\n<meta property=\"og:image\" content=\"https:\/\/nichi.ca\/wp-content\/uploads\/2024\/03\/6.jpg\" \/>\n<meta name=\"twitter:card\" content=\"summary_large_image\" \/>\n<meta name=\"twitter:label1\" content=\"Dur\u00e9e de lecture estim\u00e9e\" \/>\n\t<meta name=\"twitter:data1\" content=\"1 minute\" \/>\n<script type=\"application\/ld+json\" class=\"yoast-schema-graph\">{\"@context\":\"https:\/\/schema.org\",\"@graph\":[{\"@type\":\"WebPage\",\"@id\":\"https:\/\/nichi.ca\/fr\/medias\/\",\"url\":\"https:\/\/nichi.ca\/fr\/medias\/\",\"name\":\"M\u00e9dias - NICHI\",\"isPartOf\":{\"@id\":\"https:\/\/nichi.ca\/fr\/#website\"},\"primaryImageOfPage\":{\"@id\":\"https:\/\/nichi.ca\/fr\/medias\/#primaryimage\"},\"image\":{\"@id\":\"https:\/\/nichi.ca\/fr\/medias\/#primaryimage\"},\"thumbnailUrl\":\"https:\/\/nichi.ca\/wp-content\/uploads\/2024\/03\/6.jpg\",\"datePublished\":\"2023-04-14T14:20:32+00:00\",\"dateModified\":\"2024-03-22T16:25:36+00:00\",\"description\":\"M\u00e9dias Nouvelles et mises \u00e0 jour Show AllActualit\u00e9s et m\u00e9diasCommuniqu\u00e9 de presse Mar 22, 2024 News: Members Meeting (Le 8 avril 2024) F\u00e9v 5, 2024\",\"breadcrumb\":{\"@id\":\"https:\/\/nichi.ca\/fr\/medias\/#breadcrumb\"},\"inLanguage\":\"fr-FR\",\"potentialAction\":[{\"@type\":\"ReadAction\",\"target\":[\"https:\/\/nichi.ca\/fr\/medias\/\"]}]},{\"@type\":\"ImageObject\",\"inLanguage\":\"fr-FR\",\"@id\":\"https:\/\/nichi.ca\/fr\/medias\/#primaryimage\",\"url\":\"https:\/\/nichi.ca\/wp-content\/uploads\/2024\/03\/6.jpg\",\"contentUrl\":\"https:\/\/nichi.ca\/wp-content\/uploads\/2024\/03\/6.jpg\"},{\"@type\":\"BreadcrumbList\",\"@id\":\"https:\/\/nichi.ca\/fr\/medias\/#breadcrumb\",\"itemListElement\":[{\"@type\":\"ListItem\",\"position\":1,\"name\":\"Home\",\"item\":\"https:\/\/nichi.ca\/fr\/\"},{\"@type\":\"ListItem\",\"position\":2,\"name\":\"M\u00e9dias\"}]},{\"@type\":\"WebSite\",\"@id\":\"https:\/\/nichi.ca\/fr\/#website\",\"url\":\"https:\/\/nichi.ca\/fr\/\",\"name\":\"NICHI\",\"description\":\"National Indigenous Collaborative Housing Incorporated\",\"potentialAction\":[{\"@type\":\"SearchAction\",\"target\":{\"@type\":\"EntryPoint\",\"urlTemplate\":\"https:\/\/nichi.ca\/fr\/?s={search_term_string}\"},\"query-input\":{\"@type\":\"PropertyValueSpecification\",\"valueRequired\":true,\"valueName\":\"search_term_string\"}}],\"inLanguage\":\"fr-FR\"}]}<\/script>\n<!-- \/ Yoast SEO plugin. -->","yoast_head_json":{"title":"M\u00e9dias - NICHI","description":"M\u00e9dias Nouvelles et mises \u00e0 jour Show AllActualit\u00e9s et m\u00e9diasCommuniqu\u00e9 de presse Mar 22, 2024 News: Members Meeting (Le 8 avril 2024) F\u00e9v 5, 2024","robots":{"index":"index","follow":"follow","max-snippet":"max-snippet:-1","max-image-preview":"max-image-preview:large","max-video-preview":"max-video-preview:-1"},"canonical":"https:\/\/nichi.ca\/fr\/medias\/","og_locale":"fr_FR","og_type":"article","og_title":"M\u00e9dias - NICHI","og_description":"M\u00e9dias Nouvelles et mises \u00e0 jour Show AllActualit\u00e9s et m\u00e9diasCommuniqu\u00e9 de presse Mar 22, 2024 News: Members Meeting (Le 8 avril 2024) F\u00e9v 5, 2024","og_url":"https:\/\/nichi.ca\/fr\/medias\/","og_site_name":"NICHI","article_modified_time":"2024-03-22T16:25:36+00:00","og_image":[{"url":"https:\/\/nichi.ca\/wp-content\/uploads\/2024\/03\/6.jpg","type":"","width":"","height":""}],"twitter_card":"summary_large_image","twitter_misc":{"Dur\u00e9e de lecture estim\u00e9e":"1 minute"},"schema":{"@context":"https:\/\/schema.org","@graph":[{"@type":"WebPage","@id":"https:\/\/nichi.ca\/fr\/medias\/","url":"https:\/\/nichi.ca\/fr\/medias\/","name":"M\u00e9dias - NICHI","isPartOf":{"@id":"https:\/\/nichi.ca\/fr\/#website"},"primaryImageOfPage":{"@id":"https:\/\/nichi.ca\/fr\/medias\/#primaryimage"},"image":{"@id":"https:\/\/nichi.ca\/fr\/medias\/#primaryimage"},"thumbnailUrl":"https:\/\/nichi.ca\/wp-content\/uploads\/2024\/03\/6.jpg","datePublished":"2023-04-14T14:20:32+00:00","dateModified":"2024-03-22T16:25:36+00:00","description":"M\u00e9dias Nouvelles et mises \u00e0 jour Show AllActualit\u00e9s et m\u00e9diasCommuniqu\u00e9 de presse Mar 22, 2024 News: Members Meeting (Le 8 avril 2024) F\u00e9v 5, 2024","breadcrumb":{"@id":"https:\/\/nichi.ca\/fr\/medias\/#breadcrumb"},"inLanguage":"fr-FR","potentialAction":[{"@type":"ReadAction","target":["https:\/\/nichi.ca\/fr\/medias\/"]}]},{"@type":"ImageObject","inLanguage":"fr-FR","@id":"https:\/\/nichi.ca\/fr\/medias\/#primaryimage","url":"https:\/\/nichi.ca\/wp-content\/uploads\/2024\/03\/6.jpg","contentUrl":"https:\/\/nichi.ca\/wp-content\/uploads\/2024\/03\/6.jpg"},{"@type":"BreadcrumbList","@id":"https:\/\/nichi.ca\/fr\/medias\/#breadcrumb","itemListElement":[{"@type":"ListItem","position":1,"name":"Home","item":"https:\/\/nichi.ca\/fr\/"},{"@type":"ListItem","position":2,"name":"M\u00e9dias"}]},{"@type":"WebSite","@id":"https:\/\/nichi.ca\/fr\/#website","url":"https:\/\/nichi.ca\/fr\/","name":"NICHI","description":"National Indigenous Collaborative Housing Incorporated","potentialAction":[{"@type":"SearchAction","target":{"@type":"EntryPoint","urlTemplate":"https:\/\/nichi.ca\/fr\/?s={search_term_string}"},"query-input":{"@type":"PropertyValueSpecification","valueRequired":true,"valueName":"search_term_string"}}],"inLanguage":"fr-FR"}]}},"_links":{"self":[{"href":"https:\/\/nichi.ca\/fr\/wp-json\/wp\/v2\/pages\/13102","targetHints":{"allow":["GET"]}}],"collection":[{"href":"https:\/\/nichi.ca\/fr\/wp-json\/wp\/v2\/pages"}],"about":[{"href":"https:\/\/nichi.ca\/fr\/wp-json\/wp\/v2\/types\/page"}],"author":[{"embeddable":true,"href":"https:\/\/nichi.ca\/fr\/wp-json\/wp\/v2\/users\/1"}],"replies":[{"embeddable":true,"href":"https:\/\/nichi.ca\/fr\/wp-json\/wp\/v2\/comments?post=13102"}],"version-history":[{"count":0,"href":"https:\/\/nichi.ca\/fr\/wp-json\/wp\/v2\/pages\/13102\/revisions"}],"wp:attachment":[{"href":"https:\/\/nichi.ca\/fr\/wp-json\/wp\/v2\/media?parent=13102"}],"curies":[{"name":"wp","href":"https:\/\/api.w.org\/{rel}","templated":true}]}}