{"id":13098,"date":"2023-07-03T14:43:22","date_gmt":"2023-07-03T18:43:22","guid":{"rendered":"https:\/\/nichi.ca\/job-postings\/"},"modified":"2026-05-14T22:12:42","modified_gmt":"2026-05-15T02:12:42","slug":"offres-demploi","status":"publish","type":"page","link":"https:\/\/nichi.ca\/fr\/offres-demploi\/","title":{"rendered":"Offres d\u2019emploi"},"content":{"rendered":"\n<h1>\n\t\t\t\t<\/h1>\n<b data-ogsc=\"\" data-olk-copy-source=\"MessageBody\">\u00c9tudiant\/\u00e9tudiante d&rsquo;\u00e9t\u00e9\u00a0<\/b>&#8211; Offre d&#8217;emploi valable jusqu&rsquo;au 31 mai 2026 <a href=\"https:\/\/nichi.ca\/wp-content\/uploads\/2026\/05\/Posting-Summer-Student-May-2026_FR.pdf\">(link to French PDF)<\/a>\n\u00a0\n<b data-ogsc=\"\" data-olk-copy-source=\"MessageBody\">Appel De Candidatures : Conseil D&rsquo;Administration<\/b>&#8211; Offre d&#8217;emploi valable jusqu&rsquo;au 31 juillet 2026 <a href=\"https:\/\/nichi.ca\/wp-content\/uploads\/2026\/05\/Board-Call-for-Nominations-and-Nomination-Form-French-April-202691216557.3.pdf\">(link to French PDF)<\/a>\n<h2>\n\t\t\tComment postuler\t<\/h2>\n\t<p>Si l&rsquo;une de ces offres vous int\u00e9resse et que vous poss\u00e9dez les qualit\u00e9s et les exigences mentionn\u00e9es, veuillez envoyer votre CV et votre lettre de motivation par courriel \u00e0 l&rsquo;attention du directeur g\u00e9n\u00e9ral par int\u00e9rim de NICHI, \u00e0 l&rsquo;adresse suivante : <a href=\"mailto:careers@nichihousing.com\">careers@nichihousing.com<\/a>.<\/p>\n<ul>\n<li>Pour atteindre les objectifs et la vision de l&rsquo;organisation, la pr\u00e9f\u00e9rence sera donn\u00e9e aux personnes qualifi\u00e9es d&rsquo;origine inuite, m\u00e9tisse ou des Premi\u00e8res Nations. Les candidates et les candidats sont invit\u00e9s \u00e0 s&rsquo;identifier dans la lettre de motivation.<\/li>\n<li>Nous vous encourageons \u00e0 postuler rapidement, car les entretiens seront planifi\u00e9s au fur et \u00e0 mesure de la r\u00e9ception des candidatures.<\/li>\n<li><i>NICHI accueille et encourage les candidatures de personnes en situation de handicap. Des am\u00e9nagements sont offerts sur demande pour les candidates et les candidats qui participent \u00e0 tous les aspects du processus de s\u00e9lection. NICHI accueille et soutient \u00e9galement la diversit\u00e9, y compris les personnes qui s&rsquo;identifient comme 2ELGBTQQIA+.<\/i><\/li>\n<li>Nous remercions toutes les personnes qui enverront leur candidature; toutefois, seules les personnes s\u00e9lectionn\u00e9es pour un entretien seront contact\u00e9es.<\/li>\n<\/ul>\n\n","protected":false},"excerpt":{"rendered":"<p>\u00c9tudiant\/\u00e9tudiante d&rsquo;\u00e9t\u00e9\u00a0&#8211; Offre d&#8217;emploi valable jusqu&rsquo;au 31 mai 2026 (link to French PDF) \u00a0 Appel De Candidatures : Conseil D&rsquo;Administration&#8211; Offre d&#8217;emploi valable jusqu&rsquo;au 31 juillet 2026 (link to French&hellip;<\/p>\n","protected":false},"author":1,"featured_media":0,"parent":0,"menu_order":0,"comment_status":"closed","ping_status":"closed","template":"","meta":{"_acf_changed":false,"_monsterinsights_skip_tracking":false,"_monsterinsights_sitenote_active":false,"_monsterinsights_sitenote_note":"","_monsterinsights_sitenote_category":0,"footnotes":"","_links_to":"","_links_to_target":""},"class_list":["post-13098","page","type-page","status-publish","hentry"],"acf":[],"yoast_head":"<!-- This site is optimized with the Yoast SEO plugin v27.4 - https:\/\/yoast.com\/product\/yoast-seo-wordpress\/ -->\n<title>Offres d\u2019emploi - NICHI<\/title>\n<meta name=\"description\" content=\"\u00c9tudiant\/\u00e9tudiante d&#039;\u00e9t\u00e9\u00a0- Offre d&#039;emploi valable jusqu&#039;au 31 mai 2026 (link to French PDF) \u00a0 Appel De Candidatures : Conseil D&#039;Administration- Offre\" \/>\n<meta name=\"robots\" content=\"index, follow, max-snippet:-1, max-image-preview:large, max-video-preview:-1\" \/>\n<link rel=\"canonical\" href=\"https:\/\/nichi.ca\/fr\/offres-demploi\/\" \/>\n<meta property=\"og:locale\" content=\"fr_FR\" \/>\n<meta property=\"og:type\" content=\"article\" \/>\n<meta property=\"og:title\" content=\"Offres d\u2019emploi - NICHI\" \/>\n<meta property=\"og:description\" content=\"\u00c9tudiant\/\u00e9tudiante d&#039;\u00e9t\u00e9\u00a0- Offre d&#039;emploi valable jusqu&#039;au 31 mai 2026 (link to French PDF) \u00a0 Appel De Candidatures : Conseil D&#039;Administration- Offre\" \/>\n<meta property=\"og:url\" content=\"https:\/\/nichi.ca\/fr\/offres-demploi\/\" \/>\n<meta property=\"og:site_name\" content=\"NICHI\" \/>\n<meta property=\"article:modified_time\" content=\"2026-05-15T02:12:42+00:00\" \/>\n<meta name=\"twitter:card\" content=\"summary_large_image\" \/>\n<meta name=\"twitter:label1\" content=\"Dur\u00e9e de lecture estim\u00e9e\" \/>\n\t<meta name=\"twitter:data1\" content=\"1 minute\" \/>\n<script type=\"application\/ld+json\" class=\"yoast-schema-graph\">{\"@context\":\"https:\\\/\\\/schema.org\",\"@graph\":[{\"@type\":\"WebPage\",\"@id\":\"https:\\\/\\\/nichi.ca\\\/fr\\\/offres-demploi\\\/\",\"url\":\"https:\\\/\\\/nichi.ca\\\/fr\\\/offres-demploi\\\/\",\"name\":\"Offres d\u2019emploi - NICHI\",\"isPartOf\":{\"@id\":\"https:\\\/\\\/nichi.ca\\\/fr\\\/#website\"},\"datePublished\":\"2023-07-03T18:43:22+00:00\",\"dateModified\":\"2026-05-15T02:12:42+00:00\",\"description\":\"\u00c9tudiant\\\/\u00e9tudiante d'\u00e9t\u00e9\u00a0- Offre d'emploi valable jusqu'au 31 mai 2026 (link to French PDF) \u00a0 Appel De Candidatures : Conseil D'Administration- Offre\",\"breadcrumb\":{\"@id\":\"https:\\\/\\\/nichi.ca\\\/fr\\\/offres-demploi\\\/#breadcrumb\"},\"inLanguage\":\"fr-FR\",\"potentialAction\":[{\"@type\":\"ReadAction\",\"target\":[\"https:\\\/\\\/nichi.ca\\\/fr\\\/offres-demploi\\\/\"]}]},{\"@type\":\"BreadcrumbList\",\"@id\":\"https:\\\/\\\/nichi.ca\\\/fr\\\/offres-demploi\\\/#breadcrumb\",\"itemListElement\":[{\"@type\":\"ListItem\",\"position\":1,\"name\":\"Home\",\"item\":\"https:\\\/\\\/nichi.ca\\\/fr\\\/\"},{\"@type\":\"ListItem\",\"position\":2,\"name\":\"Offres d\u2019emploi\"}]},{\"@type\":\"WebSite\",\"@id\":\"https:\\\/\\\/nichi.ca\\\/fr\\\/#website\",\"url\":\"https:\\\/\\\/nichi.ca\\\/fr\\\/\",\"name\":\"NICHI\",\"description\":\"National Indigenous Collaborative Housing Incorporated\",\"potentialAction\":[{\"@type\":\"SearchAction\",\"target\":{\"@type\":\"EntryPoint\",\"urlTemplate\":\"https:\\\/\\\/nichi.ca\\\/fr\\\/?s={search_term_string}\"},\"query-input\":{\"@type\":\"PropertyValueSpecification\",\"valueRequired\":true,\"valueName\":\"search_term_string\"}}],\"inLanguage\":\"fr-FR\"}]}<\/script>\n<!-- \/ Yoast SEO plugin. -->","yoast_head_json":{"title":"Offres d\u2019emploi - NICHI","description":"\u00c9tudiant\/\u00e9tudiante d'\u00e9t\u00e9\u00a0- Offre d'emploi valable jusqu'au 31 mai 2026 (link to French PDF) \u00a0 Appel De Candidatures : Conseil D'Administration- Offre","robots":{"index":"index","follow":"follow","max-snippet":"max-snippet:-1","max-image-preview":"max-image-preview:large","max-video-preview":"max-video-preview:-1"},"canonical":"https:\/\/nichi.ca\/fr\/offres-demploi\/","og_locale":"fr_FR","og_type":"article","og_title":"Offres d\u2019emploi - NICHI","og_description":"\u00c9tudiant\/\u00e9tudiante d'\u00e9t\u00e9\u00a0- Offre d'emploi valable jusqu'au 31 mai 2026 (link to French PDF) \u00a0 Appel De Candidatures : Conseil D'Administration- Offre","og_url":"https:\/\/nichi.ca\/fr\/offres-demploi\/","og_site_name":"NICHI","article_modified_time":"2026-05-15T02:12:42+00:00","twitter_card":"summary_large_image","twitter_misc":{"Dur\u00e9e de lecture estim\u00e9e":"1 minute"},"schema":{"@context":"https:\/\/schema.org","@graph":[{"@type":"WebPage","@id":"https:\/\/nichi.ca\/fr\/offres-demploi\/","url":"https:\/\/nichi.ca\/fr\/offres-demploi\/","name":"Offres d\u2019emploi - NICHI","isPartOf":{"@id":"https:\/\/nichi.ca\/fr\/#website"},"datePublished":"2023-07-03T18:43:22+00:00","dateModified":"2026-05-15T02:12:42+00:00","description":"\u00c9tudiant\/\u00e9tudiante d'\u00e9t\u00e9\u00a0- Offre d'emploi valable jusqu'au 31 mai 2026 (link to French PDF) \u00a0 Appel De Candidatures : Conseil D'Administration- Offre","breadcrumb":{"@id":"https:\/\/nichi.ca\/fr\/offres-demploi\/#breadcrumb"},"inLanguage":"fr-FR","potentialAction":[{"@type":"ReadAction","target":["https:\/\/nichi.ca\/fr\/offres-demploi\/"]}]},{"@type":"BreadcrumbList","@id":"https:\/\/nichi.ca\/fr\/offres-demploi\/#breadcrumb","itemListElement":[{"@type":"ListItem","position":1,"name":"Home","item":"https:\/\/nichi.ca\/fr\/"},{"@type":"ListItem","position":2,"name":"Offres d\u2019emploi"}]},{"@type":"WebSite","@id":"https:\/\/nichi.ca\/fr\/#website","url":"https:\/\/nichi.ca\/fr\/","name":"NICHI","description":"National Indigenous Collaborative Housing Incorporated","potentialAction":[{"@type":"SearchAction","target":{"@type":"EntryPoint","urlTemplate":"https:\/\/nichi.ca\/fr\/?s={search_term_string}"},"query-input":{"@type":"PropertyValueSpecification","valueRequired":true,"valueName":"search_term_string"}}],"inLanguage":"fr-FR"}]}},"_links":{"self":[{"href":"https:\/\/nichi.ca\/fr\/wp-json\/wp\/v2\/pages\/13098","targetHints":{"allow":["GET"]}}],"collection":[{"href":"https:\/\/nichi.ca\/fr\/wp-json\/wp\/v2\/pages"}],"about":[{"href":"https:\/\/nichi.ca\/fr\/wp-json\/wp\/v2\/types\/page"}],"author":[{"embeddable":true,"href":"https:\/\/nichi.ca\/fr\/wp-json\/wp\/v2\/users\/1"}],"replies":[{"embeddable":true,"href":"https:\/\/nichi.ca\/fr\/wp-json\/wp\/v2\/comments?post=13098"}],"version-history":[{"count":3,"href":"https:\/\/nichi.ca\/fr\/wp-json\/wp\/v2\/pages\/13098\/revisions"}],"predecessor-version":[{"id":18205,"href":"https:\/\/nichi.ca\/fr\/wp-json\/wp\/v2\/pages\/13098\/revisions\/18205"}],"wp:attachment":[{"href":"https:\/\/nichi.ca\/fr\/wp-json\/wp\/v2\/media?parent=13098"}],"curies":[{"name":"wp","href":"https:\/\/api.w.org\/{rel}","templated":true}]}}