{"id":13095,"date":"2023-04-06T15:17:24","date_gmt":"2023-04-06T19:17:24","guid":{"rendered":"https:\/\/nichi.ca\/events\/"},"modified":"2026-03-05T11:46:55","modified_gmt":"2026-03-05T16:46:55","slug":"evenements","status":"publish","type":"page","link":"https:\/\/nichi.ca\/fr\/evenements\/","title":{"rendered":"\u00c9v\u00e9nements"},"content":{"rendered":"\n<h1 class=\"wp-block-heading\">\n\t\t\t\t<\/h1>\n\n\n\n<h2 class=\"wp-block-heading\">Dates importantes<\/h2>\n\n\n\n<ul class=\"wp-block-list\">\n<li>30 octobre 2023 Webinaire I: Pr\u00e9sentation de NICHI et de l&rsquo;allocation des fonds.<\/li>\n\n\n\n<li>16 novembre 2023 Webinaire II: Explication du processus d&rsquo;appel d&rsquo;offres avec le formulaire de demande, les informations requises et le calendrier.<\/li>\n\n\n\n<li>24 novembre 2023: Ouverture du portail d&rsquo;expression des besoins<\/li>\n\n\n\n<li>12 janvier 2024: Fermeture du portail d&rsquo;expression des besoins<\/li>\n\n\n\n<li>31 janvier 2024: Webinaire de mise \u00e0 jour de NICHI pour les membres<\/li>\n\n\n\n<li>8 avril 2024 : R\u00e9union des membres, Fredericton, Nouveau-Brunswick<\/li>\n\n\n\n<li>16 juillet 2024 : Assembl\u00e9e g\u00e9n\u00e9rale annuelle (report\u00e9e en raison d&rsquo;une inondation)<\/li>\n\n\n\n<li>22 juillet 2024 : Conf\u00e9rence de presse pour l&rsquo;annonce nationale (Thunder Bay, ON)<\/li>\n\n\n\n<li>12 septembre 2024 (ajourn\u00e9e date) : Assembl\u00e9e g\u00e9n\u00e9rale annuelle virtuelle<\/li>\n\n\n\n<li>9 au 11 d\u00e9cembre 2024 &#8211; Premier \u00e9v\u00e9nement de propulsion de capacit\u00e9s NICHI&rsquo;s (Toronto, ON)<\/li>\n\n\n\n<li>Vendredi 28 2025 : Webinaire virtuel sur les membres<\/li>\n\n\n\n<li>28 avril 2025 : S\u00e9ance de mobilisation des membres (TCU Place, Saskatoon, SK)<\/li>\n\n\n\n<li>22 au 23 septembre 2025 : Assembl\u00e9e g\u00e9n\u00e9rale annuelle (Ottawa, Ont.)<\/li>\n\n\n\n<li>24 au 25 novembre 2025 : Deuxi\u00e8me \u00e9v\u00e9nement annuel de propulsion de capacit\u00e9s de NICHI (Vancouver, C.-B.)<\/li>\n\n\n\n<li>3 mars 2026 : Mise \u00e0 jour de l&rsquo;adh\u00e9sion virtuelle 2026<\/li>\n\n\n\n<li>23 avril 2026 : S\u00e9ance de mobilisation des membres de NICHI, St. John\u2019s, Terre-Neuveet-Labrador<\/li>\n\n\n\n<li>28 septembre 2026 : NICHI Connects : Deuxi\u00e8me journ\u00e9e de plaidoyer sur le logement<br>autochtone, Ottawa, Ontario<\/li>\n\n\n\n<li>29 septembre 2026 : Assembl\u00e9e g\u00e9n\u00e9rale annuelle et gala de remise des prix de<br>NICHI 2026, Ottawa, Ontario<\/li>\n\n\n\n<li>22-25 novembre 2026 : Troisi\u00e8me \u00e9v\u00e9nement annuel de propulsion des capacit\u00e9s en<br>mati\u00e8re de logement autochtone de NICHI, Winnipeg, Manitoba<\/li>\n<\/ul>\n","protected":false},"excerpt":{"rendered":"<p>Dates importantes<\/p>\n","protected":false},"author":2,"featured_media":0,"parent":0,"menu_order":0,"comment_status":"closed","ping_status":"closed","template":"","meta":{"_acf_changed":false,"_monsterinsights_skip_tracking":false,"_monsterinsights_sitenote_active":false,"_monsterinsights_sitenote_note":"","_monsterinsights_sitenote_category":0,"footnotes":"","_links_to":"","_links_to_target":""},"class_list":["post-13095","page","type-page","status-publish","hentry"],"acf":[],"yoast_head":"<!-- This site is optimized with the Yoast SEO plugin v27.2 - https:\/\/yoast.com\/product\/yoast-seo-wordpress\/ -->\n<title>\u00c9v\u00e9nements - NICHI<\/title>\n<meta name=\"description\" content=\"Dates importantes 30 octobre 2023 Webinaire I: Pr\u00e9sentation de NICHI et de l&#039;allocation des fonds. 16 novembre 2023 Webinaire II: Explication du processus\" \/>\n<meta name=\"robots\" content=\"index, follow, max-snippet:-1, max-image-preview:large, max-video-preview:-1\" \/>\n<link rel=\"canonical\" href=\"https:\/\/nichi.ca\/fr\/evenements\/\" \/>\n<meta property=\"og:locale\" content=\"fr_FR\" \/>\n<meta property=\"og:type\" content=\"article\" \/>\n<meta property=\"og:title\" content=\"\u00c9v\u00e9nements - NICHI\" \/>\n<meta property=\"og:description\" content=\"Dates importantes 30 octobre 2023 Webinaire I: Pr\u00e9sentation de NICHI et de l&#039;allocation des fonds. 16 novembre 2023 Webinaire II: Explication du processus\" \/>\n<meta property=\"og:url\" content=\"https:\/\/nichi.ca\/fr\/evenements\/\" \/>\n<meta property=\"og:site_name\" content=\"NICHI\" \/>\n<meta property=\"article:modified_time\" content=\"2026-03-05T16:46:55+00:00\" \/>\n<meta name=\"twitter:card\" content=\"summary_large_image\" \/>\n<meta name=\"twitter:label1\" content=\"Dur\u00e9e de lecture estim\u00e9e\" \/>\n\t<meta name=\"twitter:data1\" content=\"2 minutes\" \/>\n<script type=\"application\/ld+json\" class=\"yoast-schema-graph\">{\"@context\":\"https:\/\/schema.org\",\"@graph\":[{\"@type\":\"WebPage\",\"@id\":\"https:\/\/nichi.ca\/fr\/evenements\/\",\"url\":\"https:\/\/nichi.ca\/fr\/evenements\/\",\"name\":\"\u00c9v\u00e9nements - NICHI\",\"isPartOf\":{\"@id\":\"https:\/\/nichi.ca\/fr\/#website\"},\"datePublished\":\"2023-04-06T19:17:24+00:00\",\"dateModified\":\"2026-03-05T16:46:55+00:00\",\"description\":\"Dates importantes 30 octobre 2023 Webinaire I: Pr\u00e9sentation de NICHI et de l'allocation des fonds. 16 novembre 2023 Webinaire II: Explication du processus\",\"breadcrumb\":{\"@id\":\"https:\/\/nichi.ca\/fr\/evenements\/#breadcrumb\"},\"inLanguage\":\"fr-FR\",\"potentialAction\":[{\"@type\":\"ReadAction\",\"target\":[\"https:\/\/nichi.ca\/fr\/evenements\/\"]}]},{\"@type\":\"BreadcrumbList\",\"@id\":\"https:\/\/nichi.ca\/fr\/evenements\/#breadcrumb\",\"itemListElement\":[{\"@type\":\"ListItem\",\"position\":1,\"name\":\"Home\",\"item\":\"https:\/\/nichi.ca\/fr\/\"},{\"@type\":\"ListItem\",\"position\":2,\"name\":\"\u00c9v\u00e9nements\"}]},{\"@type\":\"WebSite\",\"@id\":\"https:\/\/nichi.ca\/fr\/#website\",\"url\":\"https:\/\/nichi.ca\/fr\/\",\"name\":\"NICHI\",\"description\":\"National Indigenous Collaborative Housing Incorporated\",\"potentialAction\":[{\"@type\":\"SearchAction\",\"target\":{\"@type\":\"EntryPoint\",\"urlTemplate\":\"https:\/\/nichi.ca\/fr\/?s={search_term_string}\"},\"query-input\":{\"@type\":\"PropertyValueSpecification\",\"valueRequired\":true,\"valueName\":\"search_term_string\"}}],\"inLanguage\":\"fr-FR\"}]}<\/script>\n<!-- \/ Yoast SEO plugin. -->","yoast_head_json":{"title":"\u00c9v\u00e9nements - NICHI","description":"Dates importantes 30 octobre 2023 Webinaire I: Pr\u00e9sentation de NICHI et de l'allocation des fonds. 16 novembre 2023 Webinaire II: Explication du processus","robots":{"index":"index","follow":"follow","max-snippet":"max-snippet:-1","max-image-preview":"max-image-preview:large","max-video-preview":"max-video-preview:-1"},"canonical":"https:\/\/nichi.ca\/fr\/evenements\/","og_locale":"fr_FR","og_type":"article","og_title":"\u00c9v\u00e9nements - NICHI","og_description":"Dates importantes 30 octobre 2023 Webinaire I: Pr\u00e9sentation de NICHI et de l'allocation des fonds. 16 novembre 2023 Webinaire II: Explication du processus","og_url":"https:\/\/nichi.ca\/fr\/evenements\/","og_site_name":"NICHI","article_modified_time":"2026-03-05T16:46:55+00:00","twitter_card":"summary_large_image","twitter_misc":{"Dur\u00e9e de lecture estim\u00e9e":"2 minutes"},"schema":{"@context":"https:\/\/schema.org","@graph":[{"@type":"WebPage","@id":"https:\/\/nichi.ca\/fr\/evenements\/","url":"https:\/\/nichi.ca\/fr\/evenements\/","name":"\u00c9v\u00e9nements - NICHI","isPartOf":{"@id":"https:\/\/nichi.ca\/fr\/#website"},"datePublished":"2023-04-06T19:17:24+00:00","dateModified":"2026-03-05T16:46:55+00:00","description":"Dates importantes 30 octobre 2023 Webinaire I: Pr\u00e9sentation de NICHI et de l'allocation des fonds. 16 novembre 2023 Webinaire II: Explication du processus","breadcrumb":{"@id":"https:\/\/nichi.ca\/fr\/evenements\/#breadcrumb"},"inLanguage":"fr-FR","potentialAction":[{"@type":"ReadAction","target":["https:\/\/nichi.ca\/fr\/evenements\/"]}]},{"@type":"BreadcrumbList","@id":"https:\/\/nichi.ca\/fr\/evenements\/#breadcrumb","itemListElement":[{"@type":"ListItem","position":1,"name":"Home","item":"https:\/\/nichi.ca\/fr\/"},{"@type":"ListItem","position":2,"name":"\u00c9v\u00e9nements"}]},{"@type":"WebSite","@id":"https:\/\/nichi.ca\/fr\/#website","url":"https:\/\/nichi.ca\/fr\/","name":"NICHI","description":"National Indigenous Collaborative Housing Incorporated","potentialAction":[{"@type":"SearchAction","target":{"@type":"EntryPoint","urlTemplate":"https:\/\/nichi.ca\/fr\/?s={search_term_string}"},"query-input":{"@type":"PropertyValueSpecification","valueRequired":true,"valueName":"search_term_string"}}],"inLanguage":"fr-FR"}]}},"_links":{"self":[{"href":"https:\/\/nichi.ca\/fr\/wp-json\/wp\/v2\/pages\/13095","targetHints":{"allow":["GET"]}}],"collection":[{"href":"https:\/\/nichi.ca\/fr\/wp-json\/wp\/v2\/pages"}],"about":[{"href":"https:\/\/nichi.ca\/fr\/wp-json\/wp\/v2\/types\/page"}],"author":[{"embeddable":true,"href":"https:\/\/nichi.ca\/fr\/wp-json\/wp\/v2\/users\/2"}],"replies":[{"embeddable":true,"href":"https:\/\/nichi.ca\/fr\/wp-json\/wp\/v2\/comments?post=13095"}],"version-history":[{"count":1,"href":"https:\/\/nichi.ca\/fr\/wp-json\/wp\/v2\/pages\/13095\/revisions"}],"predecessor-version":[{"id":17872,"href":"https:\/\/nichi.ca\/fr\/wp-json\/wp\/v2\/pages\/13095\/revisions\/17872"}],"wp:attachment":[{"href":"https:\/\/nichi.ca\/fr\/wp-json\/wp\/v2\/media?parent=13095"}],"curies":[{"name":"wp","href":"https:\/\/api.w.org\/{rel}","templated":true}]}}