{"id":13086,"date":"2023-08-15T17:50:53","date_gmt":"2023-08-15T21:50:53","guid":{"rendered":"https:\/\/nichi.ca\/a-propos\/faqs\/"},"modified":"2023-09-28T08:49:26","modified_gmt":"2023-09-28T12:49:26","slug":"faq","status":"publish","type":"page","link":"https:\/\/nichi.ca\/fr\/a-propos\/faq\/","title":{"rendered":"FAQ"},"content":{"rendered":"\n<h1>\n\t\t\n\t<\/h1>\n\t<p>Depuis longtemps, les Autochtones ont besoin de logements dans des environnements s\u00fbrs et s\u00e9curis\u00e9s o\u00f9 ils peuvent s&rsquo;\u00e9panouir. Que ce soit pour des personnes vivant dans la rue ou souffrant de probl\u00e8mes de sant\u00e9 mentale ou de toxicomanie, des femmes fuyant la violence ou des A\u00een\u00e9s ayant besoin de soins, nous devons aller de l&rsquo;avant et relever les d\u00e9fis actuels pour aider les personnes dans le besoin qui vivent dans les milieux urbains, ruraux et nordiques du pays.<\/p>\n<p><strong>\u00a0<\/strong><\/p>\n<h5><strong>Qu&rsquo;est-ce que NICHI?<\/strong><\/h5>\n<p>C&rsquo;est par l&rsquo;interm\u00e9diaire de NICHI que les fonds seront vers\u00e9s aux fournisseurs de logements autochtones pour r\u00e9pondre aux besoins des plus de 80\u00a0% de membres des Premi\u00e8res Nations, des M\u00e9tis et des Inuit qui vivent \u00e0 l&rsquo;ext\u00e9rieur. NICHI d\u00e9fend et promeut le logement en tant que droit de la personne pour tous les Autochtones vivant loin de leur maison, dans les collectivit\u00e9s des Premi\u00e8res Nations urbaines, rurales et nordiques au Canada. NICHI veille \u00e0 ce que les fonds f\u00e9d\u00e9raux parviennent de mani\u00e8re \u00e9quitable et transparente aux fournisseurs de logements autochtones. En aidant les fournisseurs de logements autochtones \u00e0 obtenir des fonds, NICHI rapproche les communaut\u00e9s et cr\u00e9e des partenariats.<\/p>\n<p>Les peuples autochtones<i>, <\/i>comme l&rsquo;indique la D\u00e9claration des Nations Unies sur les droits des peuples autochtones\u00a0(DNUDPA), \u00ab\u00a0ont droit, sans discrimination d&rsquo;aucune sorte, \u00e0 l&rsquo;am\u00e9lioration de leur situation \u00e9conomique et sociale, notamment dans les domaines [&#8230;] du logement (article\u00a021 de la DNUDPA); ils ont le droit d&rsquo;\u00eatre activement associ\u00e9s \u00e0 l&rsquo;\u00e9laboration et \u00e0 la d\u00e9finition des programmes [&#8230;] de logement et d&rsquo;autres programmes \u00e9conomiques et sociaux les concernant, et, autant que possible, de les administrer par l&rsquo;interm\u00e9diaire de leurs propres institutions (article\u00a023 de la DNUDPA); ont le droit de maintenir et de renforcer leurs institutions [&#8230;] sociales et culturelles distinctes (article\u00a05 de la DNUDPA).\u00a0\u00bb<\/p>\n<p>&nbsp;<\/p>\n<h5><strong>Que signifie l&rsquo;acronyme NICHI?<\/strong><\/h5>\n<p>NICHI signifie National Indigenous Collaborative Housing Incorporated (Logement Coop\u00e9ratif National Autochtone Inc.). NICHI croit \u00e0 la collaboration et \u00e0 l&rsquo;ouverture et s&rsquo;engage \u00e0 travailler avec tous ceux et celles qui souhaitent r\u00e9ellement aider les Autochtones \u00e0 progresser, \u00e0 \u00e9voluer et \u00e0 s&rsquo;\u00e9panouir. NICHI est accueillant, mais n&rsquo;accorde pas de faveur.<\/p>\n<p>&nbsp;<\/p>\n<h5><strong>Quels sont les principes de NICHI?<\/strong><\/h5>\n<p>NICHI respecte les principes suivants\u00a0:<\/p>\n<ul>\n<li aria-level=\"1\">Respecter les autres et d\u00e9fendre l&rsquo;autod\u00e9termination et la souverainet\u00e9 autochtone;<\/li>\n<li aria-level=\"1\">D\u00e9velopper des logements et des services adapt\u00e9s \u00e0 la culture afin de soutenir le maintien et la revitalisation des diverses cultures par le biais des traditions, des modes de connaissance et d&rsquo;existence, et du respect de la terre;<\/li>\n<li aria-level=\"1\">Respecter les autres et toute forme de vie;<\/li>\n<li aria-level=\"1\">Veiller \u00e0 ce que le logement soit fourni \u00e0 tous les Autochtones des milieux URN de mani\u00e8re \u00e9quitable et en fonction des besoins, dans une optique globale autochtone.<\/li>\n<\/ul>\n<p>&nbsp;<\/p>\n<h5><strong>Quelles sont les r\u00e9gions desservies par NICHI?<\/strong><\/h5>\n<p>NICHI est une organisation nationale, sans pr\u00e9f\u00e9rence ni priorit\u00e9 r\u00e9gionale. L&rsquo;organisation soutient l&rsquo;ensemble des fournisseurs de logements urbains, ruraux et nordiques, tout en reconnaissant que chaque r\u00e9gion est confront\u00e9e \u00e0 des d\u00e9fis uniques.<\/p>\n<p>&nbsp;<\/p>\n<h5><strong>Pourquoi NICHI existe-t-il?<\/strong><\/h5>\n<p>NICHI a \u00e9t\u00e9 cr\u00e9\u00e9 parce que le mod\u00e8le de services et de financement con\u00e7u et d\u00e9ploy\u00e9 pour les Autochtones par le gouvernement perp\u00e9tue la suppression cr\u00e9\u00e9e par le colonialisme. NICHI est fond\u00e9 sur l&rsquo;approche \u00ab Pour les Autochtones et par les Autochtones \u00bb. NICHI reconna\u00eet qu&rsquo;en l&rsquo;absence de transparence, d&rsquo;\u00e9quit\u00e9 et de services int\u00e9gr\u00e9s adapt\u00e9s \u00e0 la culture, il est impossible d&rsquo;inverser les difficult\u00e9s et les dommages subis par les Autochtones vivant en milieux urbains, ruraux et nordiques.<\/p>\n<p>&nbsp;<\/p>\n<h5><strong>Existe-t-il d&rsquo;autres organisations comme NICHI?<\/strong><\/h5>\n<p>Bien qu&rsquo;il existe des organisations provinciales similaires, NICHI est particuli\u00e8rement bien plac\u00e9 pour fournir une aide partout au pays et d\u00e9fendre les fournisseurs de logements \u00e0 l&rsquo;\u00e9chelle nationale, en garantissant l&rsquo;\u00e9galit\u00e9 et la transparence par le biais du financement du gouvernement f\u00e9d\u00e9ral.<\/p>\n<p>&nbsp;<\/p>\n<h5><strong>NICHI est-il nouveau?<\/strong><\/h5>\n<p>NICHI a \u00e9t\u00e9 officiellement constitu\u00e9 le 22 d\u00e9cembre 2022. Il est le fruit des efforts du Caucus autochtone de l&rsquo;Association canadienne d&rsquo;habitation et de r\u00e9novation urbaine, qui a exist\u00e9 pendant 13 ans et qui r\u00e9unissait des expertes et des experts en mati\u00e8re de logement autochtone (chacune et chacun ayant des dizaines d&rsquo;ann\u00e9es d&rsquo;exp\u00e9rience) de tout le pays.<\/p>\n<p>&nbsp;<\/p>\n<h5><strong>Quels types de projets NICHI soutient-il? <\/strong><\/h5>\n<p>NICHI ne mesure pas le succ\u00e8s selon l&rsquo;ancienne m\u00e9thode gouvernementale \u00ab de lit rempli \u00bb. Nous recherchons des projets holistiques qui abordent le bien-\u00eatre et la sant\u00e9 dans leur ensemble d&rsquo;un point de vue autochtone. Nous savons qu&rsquo;en l&rsquo;absence de liens avec la communaut\u00e9, la culture, les aides et les services, l&rsquo;individu continuera \u00e0 courir le risque de ne pas profiter de l&rsquo;avenir qu&rsquo;il m\u00e9rite.<\/p>\n<p>&nbsp;<\/p>\n<h5><b>Une organisation doit-elle \u00eatre membre de NICHI pour obtenir un financement?<\/b><\/h5>\n<p>Non. Toute organisation dirig\u00e9e par des Autochtones ou toute organisation qui s&rsquo;engage \u00e0 aider les Autochtones \u00e0 se loger peut b\u00e9n\u00e9ficier d&rsquo;un soutien. Une fois la logistique organisationnelle et op\u00e9rationnelle de NICHI r\u00e9gl\u00e9e, NICHI \u00e9tablira r\u00e9guli\u00e8rement des contacts avec ses membres et publiera des bulletins d&rsquo;information \u00e0 leur intention. L&rsquo;adh\u00e9sion est gratuite et volontaire, et renforce la communaut\u00e9.<\/p>\n<p>&nbsp;<\/p>\n<h5><strong>Quel est le r\u00f4le des diff\u00e9rentes organisations qui font partie de NICHI?<\/strong><\/h5>\n<p>Que vous soyez un fournisseur de logements ou un prestataire de services de logement, vous pouvez soutenir le r\u00e9seau de logement autochtone et en faire partie.<\/p>\n<p>&nbsp;<\/p>\n<h5><strong>Comment les projets de logement sont-ils s\u00e9lectionn\u00e9s pour l&rsquo;obtention d&rsquo;un financement?<\/strong><\/h5>\n<p>NICHI a r\u00e9uni un Program Selections Advisory Council (PSAC) (Conseil consultatif de s\u00e9lection des programmes) objectif et impartial pour cr\u00e9er un cadre de s\u00e9lection. La s\u00e9lection est fond\u00e9e sur les besoins les plus urgents et non satisfaits. Le conseil d&rsquo;administration de NICHI ne participe pas au processus de s\u00e9lection.<\/p>\n<p>&nbsp;<\/p>\n<h5><strong>En quoi ce projet est-il unique et sans pr\u00e9c\u00e9dent?<\/strong><\/h5>\n<p>Pour la premi\u00e8re fois, le gouvernement f\u00e9d\u00e9ral a abandonn\u00e9 le contr\u00f4le de la construction de logements et l&rsquo;a confi\u00e9 aux Autochtones. C&rsquo;est la premi\u00e8re fois au Canada que le contr\u00f4le, la conception et l&rsquo;\u00e9laboration d&rsquo;un programme de financement sont confi\u00e9s \u00e0 une organisation autochtone. Le contr\u00f4le de l&rsquo;allocation et du financement se fait pour les Autochtones, par les Autochtones.<\/p>\n<p>&nbsp;<\/p>\n<h5><strong>Qu&rsquo;est-ce que le concept de l&rsquo;approche \u00ab pour les Autochtones, par les Autochtones \u00bb et pourquoi NICHI est-il diff\u00e9rent du gouvernement?<\/strong><\/h5>\nLe logement autochtone doit comporter une composante culturelle. Une initiative \u00ab pour les Autochtones, par les Autochtones \u00bb est la solution. S&rsquo;il s&rsquo;agit d&rsquo;un concept nouveau pour certaines personnes, d&rsquo;autres utilisent l&rsquo;expression, sans savoir \u00e0 quoi elle ressemble du point de vue du logement pour les Autochtones.<br \/>\nNICHI est pr\u00eat \u00e0 apporter sa voix unique et distincte pour travailler avec le gouvernement en tant que partenaires et co-d\u00e9veloppeurs. Le gouvernement n&rsquo;a plus besoin de nous demander ce que nous pensons. Nous nous unirons et lui dirons comment nous fournirons des logements d&rsquo;une mani\u00e8re autochtone.\n<p>&nbsp;<\/p>\n<h5><strong>Comment fonctionne l&rsquo;attribution des fonds?<\/strong><\/h5>\n<p>Un Conseil consultatif de s\u00e9lection des programmes, compos\u00e9 d&rsquo;expertes et d&rsquo;experts en logement autochtone de confiance provenant de tout le pays et poss\u00e9dant des comp\u00e9tences et des points de vue vari\u00e9s, donnera des conseils sur l&rsquo;\u00e9tablissement de crit\u00e8res appropri\u00e9s, de montants de financement et de lignes directrices relatives \u00e0 un examen pour chacun des domaines prioritaires du programme, en tenant compte du fait que le financement \u00e0 court terme disponible pour r\u00e9pondre aux besoins urgents et non satisfaits en mati\u00e8re de logement est limit\u00e9.d.<\/p>\n<p>&nbsp;<\/p>\n<h5><strong>Quel est le montant des fonds disponibles pour les projets de logement dans les milieux urbains, ruraux et nordiques?<\/strong><\/h5>\n<p>Le Budget f\u00e9d\u00e9ral de 2022 a allou\u00e9 300 millions de dollars pour r\u00e9pondre \u00e0 ces besoins urgents et non satisfaits en mati\u00e8re de logement, dont 281,5 millions de dollars ont \u00e9t\u00e9 allou\u00e9s \u00e0 NICHI pour les exercices financiers 2023-2024 et 2024-2025.<\/p>\n<p>&nbsp;<\/p>\n<h5><strong>Quelle part du financement ira aux projets de logement autochtone?<\/strong><\/h5>\n<p>L&rsquo;enti\u00e8ret\u00e9. Le financement op\u00e9rationnel provient d&rsquo;une allocation distincte qui sert \u00e0 r\u00e9pondre aux besoins op\u00e9rationnels et \u00e0 finaliser un mod\u00e8le d&rsquo;allocation pour le financement offert aux organisations admissibles sur la m\u00eame p\u00e9riode.<\/p>\n<p>&nbsp;<\/p>\n<h5><strong>Quel est le processus d&rsquo;appel d&rsquo;offres pour les projets?<\/strong><\/h5>\n<p>NICHI formera un Conseil consultatif de s\u00e9lection de projets compos\u00e9 d&rsquo;expertes et d&rsquo;experts en logement autochtone de confiance provenant de tout le pays et poss\u00e9dant des comp\u00e9tences et des points de vue vari\u00e9s, qui donnera des conseils sur l&rsquo;\u00e9tablissement de crit\u00e8res appropri\u00e9s, de montants de financement et de lignes directrices relatives \u00e0 un examen pour chacun des domaines prioritaires du programme. Les membres du Conseil n&rsquo;auront pas d&rsquo;int\u00e9r\u00eat direct dans les projets examin\u00e9s et seront tenus de d\u00e9clarer tout conflit d&rsquo;int\u00e9r\u00eats dont ils font l&rsquo;objet et de se r\u00e9cuser. Le Conseil examinera toutes les demandes re\u00e7ues et fera des recommandations au conseil d&rsquo;administration de NICHI, garantissant ainsi un processus juste et \u00e9quitable avec une port\u00e9e et une repr\u00e9sentation r\u00e9gionales. Le financement sera examin\u00e9 en fonction des crit\u00e8res de s\u00e9lection des projets \u00e9labor\u00e9s par le Conseil, compte tenu des objectifs prioritaires de l&rsquo;initiative visant \u00e0 r\u00e9pondre aux besoins urgents et non satisfaits en mati\u00e8re de logement des Autochtones vivant loin de leur communaut\u00e9 d&rsquo;origine, et du financement limit\u00e9 et \u00e0 court terme disponible.<\/p>\n<p>&nbsp;<\/p>\n<h5><strong>Quand l&rsquo;appel \u00e0 projets sera-t-il lanc\u00e9?<\/strong><\/h5>\n<p>Nous esp\u00e9rons que l&rsquo;appel \u00e0 projets sera lanc\u00e9 au d\u00e9but du mois de septembre et que la s\u00e9lection et l&rsquo;annonce officielle auront lieu au d\u00e9but octobre.<\/p>\n<p>&nbsp;<\/p>\n<h5><strong>Quel est le processus de s\u00e9lection?<\/strong><\/h5>\n<p>Le Conseil est charg\u00e9 d&rsquo;\u00e9laborer les crit\u00e8res du programme, de concevoir le processus d&rsquo;examen et de cr\u00e9er le syst\u00e8me d&rsquo;analyse et de notation qui permettra de d\u00e9finir les expressions de besoins recommand\u00e9es. Le Conseil assumera cette responsabilit\u00e9 sans que NICHI intervienne. NICHI fournira toutefois au Conseil un aper\u00e7u du programme, de la priorit\u00e9 accord\u00e9e aux projets visant \u00e0 r\u00e9pondre \u00e0 des besoins urgents et non satisfaits, de la n\u00e9cessit\u00e9 de trouver une repr\u00e9sentation juste et \u00e9quitable des projets de l&rsquo;ensemble du Canada et de souligner l&rsquo;importance de veiller \u00e0 ce que les projets soient r\u00e9ussis non seulement par la cr\u00e9ation d&rsquo;unit\u00e9s, mais aussi par l&rsquo;aide et les services offerts qui permettent d&rsquo;obtenir des r\u00e9sultats \u00e0 long terme.<\/p>\n<p>&nbsp;<\/p>\n<h5><strong>Quelle est la proc\u00e9dure d&rsquo;\u00e9change d&rsquo;information sur le processus de candidature et de s\u00e9lection?<\/strong><\/h5>\n<p>Une fois que les crit\u00e8res et le processus de s\u00e9lection auront \u00e9t\u00e9 \u00e9tablis, \u00e0 la mi-ao\u00fbt, nous ferons circuler cette information importante sur le site Web et les m\u00e9dias sociaux de NICHI et avec les contacts directs avec le r\u00e9seau de logement autochtone au pays.<\/p>\n<p>&nbsp;<\/p>\n<h5><strong>Comment puis-je en savoir plus?<\/strong><\/h5>\n<p>Suivez @NICHI_housing sur Twitter, National Indigenous Housing Collaborative Incorporated &#8211; NICHI sur Facebook et NICHI (National Indigenous Collaborative Housing Inc.) sur LinkedIn.<\/p>\n\n","protected":false},"excerpt":{"rendered":"<p>Depuis longtemps, les Autochtones ont besoin de logements dans des environnements s\u00fbrs et s\u00e9curis\u00e9s o\u00f9 ils peuvent s&rsquo;\u00e9panouir. Que ce soit pour des personnes vivant dans la rue ou souffrant&hellip;<\/p>\n","protected":false},"author":1,"featured_media":0,"parent":13082,"menu_order":0,"comment_status":"closed","ping_status":"closed","template":"","meta":{"_acf_changed":false,"_monsterinsights_skip_tracking":false,"_monsterinsights_sitenote_active":false,"_monsterinsights_sitenote_note":"","_monsterinsights_sitenote_category":0,"footnotes":"","_links_to":"","_links_to_target":""},"class_list":["post-13086","page","type-page","status-publish","hentry"],"acf":[],"yoast_head":"<!-- This site is optimized with the Yoast SEO plugin v27.4 - https:\/\/yoast.com\/product\/yoast-seo-wordpress\/ -->\n<title>FAQ - NICHI<\/title>\n<meta name=\"description\" content=\"Depuis longtemps, les Autochtones ont besoin de logements dans des environnements s\u00fbrs et s\u00e9curis\u00e9s o\u00f9 ils peuvent s&#039;\u00e9panouir. Que ce soit pour des\" \/>\n<meta name=\"robots\" content=\"index, follow, max-snippet:-1, max-image-preview:large, max-video-preview:-1\" \/>\n<link rel=\"canonical\" href=\"https:\/\/nichi.ca\/fr\/a-propos\/faq\/\" \/>\n<meta property=\"og:locale\" content=\"fr_FR\" \/>\n<meta property=\"og:type\" content=\"article\" \/>\n<meta property=\"og:title\" content=\"FAQ - NICHI\" \/>\n<meta property=\"og:description\" content=\"Depuis longtemps, les Autochtones ont besoin de logements dans des environnements s\u00fbrs et s\u00e9curis\u00e9s o\u00f9 ils peuvent s&#039;\u00e9panouir. Que ce soit pour des\" \/>\n<meta property=\"og:url\" content=\"https:\/\/nichi.ca\/fr\/a-propos\/faq\/\" \/>\n<meta property=\"og:site_name\" content=\"NICHI\" \/>\n<meta property=\"article:modified_time\" content=\"2023-09-28T12:49:26+00:00\" \/>\n<meta name=\"twitter:card\" content=\"summary_large_image\" \/>\n<meta name=\"twitter:label1\" content=\"Dur\u00e9e de lecture estim\u00e9e\" \/>\n\t<meta name=\"twitter:data1\" content=\"7 minutes\" \/>\n<script type=\"application\/ld+json\" class=\"yoast-schema-graph\">{\"@context\":\"https:\\\/\\\/schema.org\",\"@graph\":[{\"@type\":\"WebPage\",\"@id\":\"https:\\\/\\\/nichi.ca\\\/fr\\\/a-propos\\\/faq\\\/\",\"url\":\"https:\\\/\\\/nichi.ca\\\/fr\\\/a-propos\\\/faq\\\/\",\"name\":\"FAQ - NICHI\",\"isPartOf\":{\"@id\":\"https:\\\/\\\/nichi.ca\\\/fr\\\/#website\"},\"datePublished\":\"2023-08-15T21:50:53+00:00\",\"dateModified\":\"2023-09-28T12:49:26+00:00\",\"description\":\"Depuis longtemps, les Autochtones ont besoin de logements dans des environnements s\u00fbrs et s\u00e9curis\u00e9s o\u00f9 ils peuvent s'\u00e9panouir. Que ce soit pour des\",\"breadcrumb\":{\"@id\":\"https:\\\/\\\/nichi.ca\\\/fr\\\/a-propos\\\/faq\\\/#breadcrumb\"},\"inLanguage\":\"fr-FR\",\"potentialAction\":[{\"@type\":\"ReadAction\",\"target\":[\"https:\\\/\\\/nichi.ca\\\/fr\\\/a-propos\\\/faq\\\/\"]}]},{\"@type\":\"BreadcrumbList\",\"@id\":\"https:\\\/\\\/nichi.ca\\\/fr\\\/a-propos\\\/faq\\\/#breadcrumb\",\"itemListElement\":[{\"@type\":\"ListItem\",\"position\":1,\"name\":\"Home\",\"item\":\"https:\\\/\\\/nichi.ca\\\/fr\\\/\"},{\"@type\":\"ListItem\",\"position\":2,\"name\":\"\u00c0 propos\",\"item\":\"https:\\\/\\\/nichi.ca\\\/fr\\\/a-propos\\\/\"},{\"@type\":\"ListItem\",\"position\":3,\"name\":\"FAQ\"}]},{\"@type\":\"WebSite\",\"@id\":\"https:\\\/\\\/nichi.ca\\\/fr\\\/#website\",\"url\":\"https:\\\/\\\/nichi.ca\\\/fr\\\/\",\"name\":\"NICHI\",\"description\":\"National Indigenous Collaborative Housing Incorporated\",\"potentialAction\":[{\"@type\":\"SearchAction\",\"target\":{\"@type\":\"EntryPoint\",\"urlTemplate\":\"https:\\\/\\\/nichi.ca\\\/fr\\\/?s={search_term_string}\"},\"query-input\":{\"@type\":\"PropertyValueSpecification\",\"valueRequired\":true,\"valueName\":\"search_term_string\"}}],\"inLanguage\":\"fr-FR\"}]}<\/script>\n<!-- \/ Yoast SEO plugin. -->","yoast_head_json":{"title":"FAQ - NICHI","description":"Depuis longtemps, les Autochtones ont besoin de logements dans des environnements s\u00fbrs et s\u00e9curis\u00e9s o\u00f9 ils peuvent s'\u00e9panouir. Que ce soit pour des","robots":{"index":"index","follow":"follow","max-snippet":"max-snippet:-1","max-image-preview":"max-image-preview:large","max-video-preview":"max-video-preview:-1"},"canonical":"https:\/\/nichi.ca\/fr\/a-propos\/faq\/","og_locale":"fr_FR","og_type":"article","og_title":"FAQ - NICHI","og_description":"Depuis longtemps, les Autochtones ont besoin de logements dans des environnements s\u00fbrs et s\u00e9curis\u00e9s o\u00f9 ils peuvent s'\u00e9panouir. Que ce soit pour des","og_url":"https:\/\/nichi.ca\/fr\/a-propos\/faq\/","og_site_name":"NICHI","article_modified_time":"2023-09-28T12:49:26+00:00","twitter_card":"summary_large_image","twitter_misc":{"Dur\u00e9e de lecture estim\u00e9e":"7 minutes"},"schema":{"@context":"https:\/\/schema.org","@graph":[{"@type":"WebPage","@id":"https:\/\/nichi.ca\/fr\/a-propos\/faq\/","url":"https:\/\/nichi.ca\/fr\/a-propos\/faq\/","name":"FAQ - NICHI","isPartOf":{"@id":"https:\/\/nichi.ca\/fr\/#website"},"datePublished":"2023-08-15T21:50:53+00:00","dateModified":"2023-09-28T12:49:26+00:00","description":"Depuis longtemps, les Autochtones ont besoin de logements dans des environnements s\u00fbrs et s\u00e9curis\u00e9s o\u00f9 ils peuvent s'\u00e9panouir. Que ce soit pour des","breadcrumb":{"@id":"https:\/\/nichi.ca\/fr\/a-propos\/faq\/#breadcrumb"},"inLanguage":"fr-FR","potentialAction":[{"@type":"ReadAction","target":["https:\/\/nichi.ca\/fr\/a-propos\/faq\/"]}]},{"@type":"BreadcrumbList","@id":"https:\/\/nichi.ca\/fr\/a-propos\/faq\/#breadcrumb","itemListElement":[{"@type":"ListItem","position":1,"name":"Home","item":"https:\/\/nichi.ca\/fr\/"},{"@type":"ListItem","position":2,"name":"\u00c0 propos","item":"https:\/\/nichi.ca\/fr\/a-propos\/"},{"@type":"ListItem","position":3,"name":"FAQ"}]},{"@type":"WebSite","@id":"https:\/\/nichi.ca\/fr\/#website","url":"https:\/\/nichi.ca\/fr\/","name":"NICHI","description":"National Indigenous Collaborative Housing Incorporated","potentialAction":[{"@type":"SearchAction","target":{"@type":"EntryPoint","urlTemplate":"https:\/\/nichi.ca\/fr\/?s={search_term_string}"},"query-input":{"@type":"PropertyValueSpecification","valueRequired":true,"valueName":"search_term_string"}}],"inLanguage":"fr-FR"}]}},"_links":{"self":[{"href":"https:\/\/nichi.ca\/fr\/wp-json\/wp\/v2\/pages\/13086","targetHints":{"allow":["GET"]}}],"collection":[{"href":"https:\/\/nichi.ca\/fr\/wp-json\/wp\/v2\/pages"}],"about":[{"href":"https:\/\/nichi.ca\/fr\/wp-json\/wp\/v2\/types\/page"}],"author":[{"embeddable":true,"href":"https:\/\/nichi.ca\/fr\/wp-json\/wp\/v2\/users\/1"}],"replies":[{"embeddable":true,"href":"https:\/\/nichi.ca\/fr\/wp-json\/wp\/v2\/comments?post=13086"}],"version-history":[{"count":0,"href":"https:\/\/nichi.ca\/fr\/wp-json\/wp\/v2\/pages\/13086\/revisions"}],"up":[{"embeddable":true,"href":"https:\/\/nichi.ca\/fr\/wp-json\/wp\/v2\/pages\/13082"}],"wp:attachment":[{"href":"https:\/\/nichi.ca\/fr\/wp-json\/wp\/v2\/media?parent=13086"}],"curies":[{"name":"wp","href":"https:\/\/api.w.org\/{rel}","templated":true}]}}